{"id":1333,"date":"2021-12-24T21:37:34","date_gmt":"2021-12-24T20:37:34","guid":{"rendered":"https:\/\/swissmed-ks.com\/?post_type=product&#038;p=1333"},"modified":"2025-10-16T14:58:18","modified_gmt":"2025-10-16T12:58:18","slug":"xl-200","status":"publish","type":"product","link":"https:\/\/swissmed-ks.com\/sq\/products\/xl-200\/","title":{"rendered":"XL 200"},"content":{"rendered":"<p><strong>Shp\u00ebrndarja e mostrave dhe reagent\u00ebve<\/strong><\/p>\n<ul>\n<li>V\u00ebllimi i mostr\u00ebs: 2-70 \u00b5l (0,2 \u00b5l p\u00ebr hap)<\/li>\n<li>V\u00ebllimi i reagentit: R1 50-300 \u00b5l (1 \u00b5l p\u00ebr hap), R2 10-200 \u00b5l (1 \u00b5l p\u00ebr hap)<\/li>\n<li>Sonda shp\u00ebrndar\u00ebse e pajisur me sensor t\u00eb nivelit t\u00eb l\u00ebngut dhe detektor t\u00eb p\u00ebrplasjes<\/li>\n<li>Hollim automatik i mostrave dhe kalibrator\u00ebve<\/li>\n<\/ul>\n<p><strong>Ekonomizimi<\/strong><\/p>\n<ul>\n<li>V\u00ebllim minimal t\u00eb reaksionit: 180 \u00b5l<\/li>\n<li>Kivetat e reaksionit t\u00eb rip\u00ebrdorshme<\/li>\n<\/ul>\n<p><strong>Sistemi i p\u00ebrzierjes<\/strong><\/p>\n<ul>\n<li>P\u00ebrzier\u00ebs t\u00eb pavarura<\/li>\n<li>3 shpejt\u00ebsi p\u00ebrzierjeje t\u00eb zgjedhura nga p\u00ebrdoruesi<\/li>\n<\/ul>\n<p><strong>Kontrolla e kualitetit<\/strong><\/p>\n<ul>\n<li>Mund t\u00eb p\u00ebrdoren 4 nivele t\u00eb kontroll\u00ebs s\u00eb kualitetit<\/li>\n<li>Grafik\u00ebt Levey-Jennings<\/li>\n<li>Diagramet Twin Plot p\u00ebr monitorimin e gabimeve sistematike dhe t\u00eb rast\u00ebsishme<\/li>\n<\/ul>\n<p><strong>Nj\u00ebsia e zhvillimit t\u00eb reaksionit\u00a0<\/strong><\/p>\n<ul>\n<li>45 kiveta qelqi t\u00eb forta t\u00eb rip\u00ebrdorshme<\/li>\n<li>Mund\u00ebsia e z\u00ebvend\u00ebsimit t\u00eb kivet\u00ebs individuale<\/li>\n<li>Stacioni i larjes \u2013 shp\u00eblarje dhe tharje e kivet\u00ebs n\u00eb 8 hapa<\/li>\n<li>Matja automatike e prov\u00ebs s\u00eb verb\u00ebr para analiz\u00ebs<\/li>\n<li>Temperatura e reaksionit 37\u00b0C \u00b1 0,2\u00b0C<\/li>\n<\/ul>\n<p><strong>Rotori i mostrave<\/strong><\/p>\n<ul>\n<li>39 pozicione p\u00ebr mostra, provat e verb\u00ebra, standarde, kalibrator\u00eb, kontrolla dhe tret\u00ebsira t\u00eb ISE<\/li>\n<li>Tuba primar\u00eb 5, 7 dhe 10 ml, tuba dhe mbajt\u00ebs mostre t\u00eb sistemit vakum<\/li>\n<li>Mostra STAT me prioritet n\u00eb \u00e7do pozicion<\/li>\n<li>Mund\u00ebsia e programimit deri n\u00eb 99 rotor\u00eb virtual<\/li>\n<\/ul>\n<p><strong>Rotori i reagjent\u00ebve<\/strong><\/p>\n<ul>\n<li>50 pozicione, p\u00ebr reagjent\u00eb 20 ml, 50 ml, tub 5 ml me adapter<\/li>\n<li>Hap\u00ebsira e reagjent\u00ebve me Peltier\/ftoh\u00ebs ajri (8-12\u00b0C)<\/li>\n<li>Opcioni p\u00ebr t\u00eb p\u00ebrdorur nj\u00eb reagjent p\u00ebr disa teste nj\u00ebkoh\u00ebsisht<\/li>\n<\/ul>\n<p><strong>Softueri<\/strong><\/p>\n<ul>\n<li>Interface i p\u00ebrshtatsh\u00ebm i p\u00ebrdoruesit<\/li>\n<li>Lidhja me sistemin LIS<\/li>\n<li>Metodat statistikore t\u00eb p\u00ebrpunimit t\u00eb rezultateve<\/li>\n<li>Eksportimi i t\u00eb dh\u00ebnave n\u00eb formatin e zgjedhur<\/li>\n<\/ul>\n<p><strong>Monitorimi i matjeve<\/strong><\/p>\n<ul>\n<li>Indikacion vizuel me ngjyr\u00eb i analiz\u00ebs s\u00eb mostr\u00ebs<\/li>\n<li>Mund\u00ebsia e monitorimit t\u00eb reaksionit n\u00eb koh\u00eb reale<\/li>\n<li>Monitorimi i v\u00ebllimit t\u00eb reagjentit<\/li>\n<\/ul>\n<p>Raporte informative mbi gjendjen e analizatorit<\/p>","protected":false},"excerpt":{"rendered":"<p>Analizator Biokimik me qasje plot\u00ebsisht t\u00eb automatizuar me kapacitet prej 200 teste\/or\u00eb (teste fotometrike) dhe 400 teste\/or\u00eb me ISE (Na\/K\/Cl\/Li). Rotori i reagjent\u00ebve me 30 pozicione me ftohje n\u00eb bord, softuer t\u00eb p\u00ebrshtatsh\u00ebm dhe panel t\u00eb gjer\u00eb t\u00eb kontrollit t\u00eb cil\u00ebsis\u00eb.<\/p>\n<p>&nbsp;<\/p>\n<p>Pershkrimi n\u00eb PDF<\/p>\n<p><a href=\"https:\/\/swissmed-ks.com\/wp-content\/uploads\/2022\/03\/1825162793-XL_200_EN-1.pdf\" target=\"_blank\"  class=\"qbutton  qbutton_with_icon\" style=\"\">Shkarko<i class=\"qode_icon_font_awesome fa fa-download button_icon\" style=\"\" ><\/i><\/a><\/p>\n<p>&nbsp;<\/p>","protected":false},"featured_media":1926,"template":"","meta":[],"product_cat":[63,62],"product_tag":[70],"_links":{"self":[{"href":"https:\/\/swissmed-ks.com\/sq\/wp-json\/wp\/v2\/product\/1333"}],"collection":[{"href":"https:\/\/swissmed-ks.com\/sq\/wp-json\/wp\/v2\/product"}],"about":[{"href":"https:\/\/swissmed-ks.com\/sq\/wp-json\/wp\/v2\/types\/product"}],"wp:featuredmedia":[{"embeddable":true,"href":"https:\/\/swissmed-ks.com\/sq\/wp-json\/wp\/v2\/media\/1926"}],"wp:attachment":[{"href":"https:\/\/swissmed-ks.com\/sq\/wp-json\/wp\/v2\/media?parent=1333"}],"wp:term":[{"taxonomy":"product_cat","embeddable":true,"href":"https:\/\/swissmed-ks.com\/sq\/wp-json\/wp\/v2\/product_cat?post=1333"},{"taxonomy":"product_tag","embeddable":true,"href":"https:\/\/swissmed-ks.com\/sq\/wp-json\/wp\/v2\/product_tag?post=1333"}],"curies":[{"name":"wp","href":"https:\/\/api.w.org\/{rel}","templated":true}]}}