{"id":1334,"date":"2021-12-24T21:38:44","date_gmt":"2021-12-24T20:38:44","guid":{"rendered":"https:\/\/swissmed-ks.com\/?post_type=product&#038;p=1334"},"modified":"2025-10-16T14:58:29","modified_gmt":"2025-10-16T12:58:29","slug":"xl-640","status":"publish","type":"product","link":"https:\/\/swissmed-ks.com\/sq\/products\/xl-640\/","title":{"rendered":"XL 640"},"content":{"rendered":"<p><strong>Shp\u00ebrndarja e mostrave dhe reagent\u00ebve<\/strong><\/p>\n<ul>\n<li>V\u00ebllimi i mostr\u00ebs: 2-70\u00b5l (0,2 \u00b5l p\u00ebr hap)<\/li>\n<li>V\u00ebllimi i reagjentit: R1 50-300 \u00b5l (1 \u00b5l p\u00ebr hap), R2 10-300 \u00b5l (1 \u00b5l p\u00ebr hap)<\/li>\n<li>3 sonda shp\u00ebrndar\u00ebse (mostra, R1, R2) t\u00eb pajisura me sensor t\u00eb nivelit t\u00eb l\u00ebngut dhe detektor t\u00eb p\u00ebrplasjes<\/li>\n<li>Hollim automatik i mostrave dhe kalibrator\u00ebve<\/li>\n<li>Detektim t\u00eb koagulimit<\/li>\n<\/ul>\n<p><strong>Ekonomizimi<\/strong><\/p>\n<ul>\n<li>V\u00ebllim minimal t\u00eb reaksionit: 180 \u00b5l<\/li>\n<li>Kivetat e reaksionit t\u00eb rip\u00ebrdorshme<\/li>\n<\/ul>\n<p><strong>Sistemi i p\u00ebrzierjes<\/strong><\/p>\n<ul>\n<li>2 p\u00ebrzier\u00ebs t\u00eb pavarur<\/li>\n<li>3 shpejt\u00ebsi p\u00ebrzierjeje t\u00eb zgjedhura nga p\u00ebrdoruesi<\/li>\n<\/ul>\n<p><strong>Kontrolla e kualitetit<\/strong><\/p>\n<ul>\n<li>Mund t\u00eb p\u00ebrdoren 4 nivele t\u00eb kontroll\u00ebs s\u00eb kualitetit<\/li>\n<li>Grafik\u00ebt Levey-Jennigs<\/li>\n<li>Diagramet Twin Plot p\u00ebr monitorimin e gabimeve sistematike dhe t\u00eb rast\u00ebsishme<\/li>\n<\/ul>\n<p><strong>Nj\u00ebsia e reaksionit me stacion larjeje<\/strong><\/p>\n<ul>\n<li>72 kiveta qelqi t\u00eb forta t\u00eb rip\u00ebrdorshme<\/li>\n<li>Mund\u00ebsia e z\u00ebvend\u00ebsimit t\u00eb kivet\u00ebs individuale<\/li>\n<li>Stacioni i larjes \u2013 shp\u00ebrlarje dhe tharje e kivet\u00ebs n\u00eb procedur\u00eb me tet\u00eb hapa<\/li>\n<li>Matja automatike e prov\u00ebs s\u00eb verb\u00ebr para analiz\u00ebs<\/li>\n<\/ul>\n<p><strong>Rotori i mostrave<\/strong><\/p>\n<ul>\n<li>80 pozicione p\u00ebr mostra, prov\u00eb t\u00eb verb\u00ebr, standarde, kalibrator\u00eb, kontrolla dhe mund\u00ebsi t\u00eb testeve ISE<\/li>\n<li>Tuba primar\u00eb 5, 7 dhe 10 ml, tuba dhe mbajt\u00ebs mostre t\u00eb sistemit vakum<\/li>\n<li>Mostra STAT me prioritet n\u00eb \u00e7do pozicion<\/li>\n<li>Rotori shtes\u00eb p\u00ebr 80 mostra<\/li>\n<\/ul>\n<p><strong>Rotori i reagjent\u00ebve\u00a0<\/strong><\/p>\n<ul>\n<li>56 pozicione, mbajt\u00ebs reagent\u00ebsh 20 ml, 50 ml, tub 5 ml me adapter<\/li>\n<li>Hap\u00ebsira e reagjent\u00ebve me Peltier\/ftoh\u00ebs ajri (8-12\u00b0C)<\/li>\n<li>Opcioni p\u00ebr t\u00eb p\u00ebrdorur nj\u00eb reagjent p\u00ebr disa teste nj\u00ebkoh\u00ebsisht<\/li>\n<\/ul>\n<p><strong>Softueri<\/strong><\/p>\n<ul>\n<li>Interface i p\u00ebrshtatsh\u00ebm i p\u00ebrdoruesit<\/li>\n<li>Lidhja me sistemin LIS<\/li>\n<li>Programim p\u00ebr startim automatik t\u00eb pun\u00ebs p\u00ebrfshir\u00eb edhe mir\u00ebmbajtjen automatike ditore<\/li>\n<li>Metodat statistikore t\u00eb p\u00ebrpunimit t\u00eb rezultateve<\/li>\n<li>Eksportimi i t\u00eb dh\u00ebnave n\u00eb formatin e zgjedhur<\/li>\n<\/ul>\n<p><strong>Monitorimi i matjeve<\/strong><\/p>\n<ul>\n<li>Indikacion vizuel me ngjyr\u00eb i analiz\u00ebs s\u00eb mostr\u00ebs<\/li>\n<li>Mund\u00ebsia e monitorimit t\u00eb reaksionit n\u00eb koh\u00eb reale<\/li>\n<li>Monitorimi i v\u00ebllimit t\u00eb reagjentit<\/li>\n<li>Raporte informative mbi gjendjen e analizatorit<\/li>\n<\/ul>","protected":false},"excerpt":{"rendered":"<p>Analizator biokimik plot\u00ebsisht i automatizuar me 640 teste\/or\u00eb, me ISE (Na\/K\/Cl\/Li) dhe rrjet\u00eb difraksioni p\u00ebr matje me rezolucion t\u00eb lart\u00eb. N\u00eb bord mund t\u00eb vendosen deri n\u00eb 50 mostra dhe 56 pozicione p\u00ebr reagjent\u00eb, t\u00eb pajisur me frigorifer, me mund\u00ebsi t\u00eb operimit STAT. XL 640 p\u00ebrmban kontroll t\u00eb gjer\u00eb t\u00eb kualitetit, i p\u00ebrshtatsh\u00ebm p\u00ebr p\u00ebrdoruesin dhe konsum t\u00eb ul\u00ebt.<\/p>\n<p>&nbsp;<\/p>\n<p>Pershkrimi n\u00eb PDF<\/p>\n<p><a href=\"https:\/\/swissmed-ks.com\/wp-content\/uploads\/2022\/03\/1229559251-XL-640.pdf\" target=\"_blank\"  class=\"qbutton  qbutton_with_icon\" style=\"\">Shkarko<i class=\"qode_icon_font_awesome fa fa-download button_icon\" style=\"\" ><\/i><\/a><\/p>\n<p>&nbsp;<\/p>","protected":false},"featured_media":1395,"template":"","meta":[],"product_cat":[63,62],"product_tag":[70],"_links":{"self":[{"href":"https:\/\/swissmed-ks.com\/sq\/wp-json\/wp\/v2\/product\/1334"}],"collection":[{"href":"https:\/\/swissmed-ks.com\/sq\/wp-json\/wp\/v2\/product"}],"about":[{"href":"https:\/\/swissmed-ks.com\/sq\/wp-json\/wp\/v2\/types\/product"}],"wp:featuredmedia":[{"embeddable":true,"href":"https:\/\/swissmed-ks.com\/sq\/wp-json\/wp\/v2\/media\/1395"}],"wp:attachment":[{"href":"https:\/\/swissmed-ks.com\/sq\/wp-json\/wp\/v2\/media?parent=1334"}],"wp:term":[{"taxonomy":"product_cat","embeddable":true,"href":"https:\/\/swissmed-ks.com\/sq\/wp-json\/wp\/v2\/product_cat?post=1334"},{"taxonomy":"product_tag","embeddable":true,"href":"https:\/\/swissmed-ks.com\/sq\/wp-json\/wp\/v2\/product_tag?post=1334"}],"curies":[{"name":"wp","href":"https:\/\/api.w.org\/{rel}","templated":true}]}}