{"id":1335,"date":"2021-12-24T21:40:48","date_gmt":"2021-12-24T20:40:48","guid":{"rendered":"https:\/\/swissmed-ks.com\/?post_type=product&#038;p=1335"},"modified":"2022-03-17T15:56:41","modified_gmt":"2022-03-17T14:56:41","slug":"ec-90-electrolyte-analyzer","status":"publish","type":"product","link":"https:\/\/swissmed-ks.com\/sq\/products\/ec-90-electrolyte-analyzer\/","title":{"rendered":"Analizues elektrolitesh EC 90 (Erba Mannheim)"},"content":{"rendered":"<p>Kartrixh\u00ebt (cartridge) ruajn\u00eb sensitivitetin dhe p\u00ebrformanc\u00ebn e tyre t\u00eb klasit t\u00eb par\u00eb p\u00ebr 90 dit\u00eb nga dita kur jan\u00eb futur n\u00eb analizator.<\/p>\n<p><strong>PRECIZ<\/strong><\/p>\n<p><strong>Teknologji e avancuar<\/strong><\/p>\n<p>Duke p\u00ebrdorur teknologjin\u00eb m\u00eb t\u00eb avancuar, analizuesi i ri EC 90 ISE i ngrit\u00eb n\u00eb nivel m\u00eb t\u00eb lart\u00eb matjet laboratorike t\u00eb elektrolit\u00ebve.<\/p>\n<p><strong>GJITH\u00c7KA JU NEVOJET. VET\u00cbM 1 KLIKIM LARG.<\/strong><\/p>\n<p>Vendosja e kartrixhit? Matja e mostr\u00ebs? Printimi i rezultatet n\u00eb printerin e integruar? Vet\u00ebm 1 klikim dhe ju jeni atje.<\/p>\n<p>Matja e Na, K, Cl dhe iCa. V\u00ebllimi v\u00ebrtet\u00eb i vog\u00ebl i mostr\u00ebs dhe koha e matjes super e shpejt\u00eb e kombinuar me mir\u00ebmbajtje t\u00eb ul\u00ebt dhe p\u00ebrformance t\u00eb shk\u00eblqyer analitike<\/p>\n<ul>\n<li>V\u00ebllimi I mostr\u00ebs vet\u00ebm 35 \u03bcL<\/li>\n<li>Koha e analiz\u00ebs 35 sekonda<\/li>\n<li>3 muaj afat t\u00eb skadimit<\/li>\n<li>Pa mir\u00ebmbajtje<\/li>\n<li>Vendose n\u00eb rrym\u00eb dhe puno<\/li>\n<\/ul>\n<p><strong>Performanca analitike<\/strong><\/p>\n<p>Sensitiviteti i pajisjes q\u00eb p\u00ebrdor teknologjin\u00eb m\u00eb t\u00eb fundit, b\u00ebn q\u00eb matjet t\u00eb kryhen n\u00eb nj\u00eb nivel t\u00eb lart\u00eb me nj\u00eb sakt\u00ebsi &gt; 99%.<\/p>\n<p><strong>E p\u00ebrballueshme<\/strong><\/p>\n<p>Fishek\u00ebt ruajn\u00eb ndjeshm\u00ebrin\u00eb dhe performanc\u00ebn e tyre t\u00eb klasit t\u00eb par\u00eb p\u00ebr 90 dit\u00eb nga dita kur jan\u00eb vendosur n\u00eb analizator. E disponueshme n\u00eb tre madh\u00ebsi t\u00eb ndryshme: e vog\u00ebl, e mesme dhe e madhe, t\u00eb aft\u00eb p\u00ebr t\u00eb kryer 500, 1000 dhe 3000 matje mostrash.<\/p>","protected":false},"excerpt":{"rendered":"<p><strong>Kaloni n\u00eb gjenerat\u00ebn e re t\u00eb analizatorit e elektrolit\u00ebve<\/strong><\/p>\n<p>Me mbi 40 vjet p\u00ebrvoj\u00eb n\u00eb industri, Erba Mannheim \u00ebsht\u00eb nj\u00eb lojtar kryesor n\u00eb industrin\u00eb e IVD.<\/p>\n<p>Erba kupton nevojat e laborator\u00ebve t\u00eb vegj\u00ebl dhe t\u00eb mes\u00ebm dhe ka projektuar nj\u00eb s\u00ebr\u00eb diagnostikimesh in-vitro q\u00eb ia mund\u00ebson stafit t\u00eb laboratorit q\u00eb kudo t\u00eb ofroj\u00eb rezultate me cil\u00ebsi t\u00eb lart\u00eb.<\/p>\n<p>I leht\u00eb p\u00ebr t'u p\u00ebrdorur, efikas n\u00eb funksionim dhe i besuesh\u00ebm<\/p>\n<p>Pershkrimi n\u00eb PDF<\/p>\n<p><a href=\"https:\/\/swissmed-ks.com\/wp-content\/uploads\/2022\/03\/EC_90_EN.pdf\" target=\"_blank\"  class=\"qbutton  qbutton_with_icon\" style=\"\">Shkarko<i class=\"qode_icon_font_awesome fa fa-download button_icon\" style=\"\" ><\/i><\/a><\/p>\n<p>&nbsp;<\/p>","protected":false},"featured_media":1393,"template":"","meta":[],"product_cat":[62,64],"product_tag":[69],"_links":{"self":[{"href":"https:\/\/swissmed-ks.com\/sq\/wp-json\/wp\/v2\/product\/1335"}],"collection":[{"href":"https:\/\/swissmed-ks.com\/sq\/wp-json\/wp\/v2\/product"}],"about":[{"href":"https:\/\/swissmed-ks.com\/sq\/wp-json\/wp\/v2\/types\/product"}],"wp:featuredmedia":[{"embeddable":true,"href":"https:\/\/swissmed-ks.com\/sq\/wp-json\/wp\/v2\/media\/1393"}],"wp:attachment":[{"href":"https:\/\/swissmed-ks.com\/sq\/wp-json\/wp\/v2\/media?parent=1335"}],"wp:term":[{"taxonomy":"product_cat","embeddable":true,"href":"https:\/\/swissmed-ks.com\/sq\/wp-json\/wp\/v2\/product_cat?post=1335"},{"taxonomy":"product_tag","embeddable":true,"href":"https:\/\/swissmed-ks.com\/sq\/wp-json\/wp\/v2\/product_tag?post=1335"}],"curies":[{"name":"wp","href":"https:\/\/api.w.org\/{rel}","templated":true}]}}