{"id":1336,"date":"2021-12-24T21:42:26","date_gmt":"2021-12-24T20:42:26","guid":{"rendered":"https:\/\/swissmed-ks.com\/?post_type=product&#038;p=1336"},"modified":"2022-03-08T23:13:42","modified_gmt":"2022-03-08T22:13:42","slug":"ecl-412-105","status":"publish","type":"product","link":"https:\/\/swissmed-ks.com\/sq\/products\/ecl-412-105\/","title":{"rendered":"ECL 412"},"content":{"rendered":"<p><strong>Specifikat<\/strong><\/p>\n<p><strong>Principet e pun\u00ebs:<\/strong><\/p>\n<ul>\n<li>Analiza e koagulimit me an\u00eb t\u00eb shp\u00ebrndarjes s\u00eb drit\u00ebs n\u00eb 640 nm<\/li>\n<li>Analiza imuno-turbidimetrike n\u00eb 800 nm<\/li>\n<li>Analiza kromogjenike me kolorimetri n\u00eb 405 nm<\/li>\n<\/ul>\n<p><strong>Karakteristikat funksionale:<\/strong><\/p>\n<ul>\n<li>4 kanale mat\u00ebse<\/li>\n<li>20 pozicione t\u00eb inkubimit p\u00ebr kiveta n\u00eb 37\u00b0C +\/- 0,2\u00b0C<\/li>\n<li>12 pozicione reagjent\u00ebsh, 7 pozicione n\u00eb 37\u00b0C +\/- 0,2\u00b0C p\u00ebr reagjent\u00ebt q\u00eb duhet inkubuar, duke p\u00ebrfshir\u00eb 1 pozit\u00eb p\u00ebr p\u00ebrzierje t\u00eb programueshme<\/li>\n<li>parametrat: PT, APTT, TT, Fibrinogjen, Faktor\u00ebt e Koagulimit, D-Dimer, ATIII, Proteina C, Proteina S, Lupus Antikoagulant\u00eb<\/li>\n<li>Startim automatik me pipeta standarde<\/li>\n<li>7 \u2018\u2019ekrani me prekje me ngjyra<\/li>\n<li>Printer termik i integruar<\/li>\n<li>RFID p\u00ebr sigurin\u00eb e p\u00ebrdorimit<\/li>\n<li>Lidhja e mundshme me LIS<\/li>\n<li>Lidhja e mundshme me nj\u00eb lexues barkodi ose nj\u00eb tastier\u00eb t\u00eb jashtme<\/li>\n<li>Monitorimi i skadimit t\u00eb reagjent\u00ebve, kalibrator\u00ebve dhe kontrolleve<\/li>\n<li>Programi i kontrollit t\u00eb kualitetit me grafikun automatik Levey Jennings monitoron performanc\u00ebn e sistemit<\/li>\n<li>Linja gjith\u00ebp\u00ebrfshir\u00ebse e reagjent\u00ebve Erba Hemostasis<\/li>\n<\/ul>\n<p><strong>\u00a0<\/strong><\/p>\n<p><strong>Parametrat teknik\u00eb:<\/strong><\/p>\n<ul>\n<li>Furnizimi universal me energji 100-250V ~ 47-63Hz<\/li>\n<li>Dimensionet: 300 x 290 x 90 mm<\/li>\n<li>Pesha: 3 kg<\/li>\n<li>3 porte USB (2 x tip A, 1 x tip B)<\/li>\n<\/ul>","protected":false},"excerpt":{"rendered":"<p>Koagulomet\u00ebr gjysm\u00eb i automatizuar 4 kanal\u00ebsh i cili kryen t\u00eb gjitha llojet e analizave t\u00eb hemostaz\u00ebs. \u00cbsht\u00eb ideal p\u00ebr laborator\u00eb t\u00eb p\u00ebrmasave t\u00eb vogla dhe t\u00eb mesme.<\/p>\n<p>&nbsp;<\/p>\n<p>Pershkrimi n\u00eb PDF<\/p>\n<p><a href=\"https:\/\/swissmed-ks.com\/wp-content\/uploads\/2022\/03\/ECL_412_105_catalogue_EN_2018.pdf\" target=\"_blank\"  class=\"qbutton  qbutton_with_icon\" style=\"\">Shkarko<i class=\"qode_icon_font_awesome fa fa-download button_icon\" style=\"\" ><\/i><\/a><\/p>\n<p>&nbsp;<\/p>","protected":false},"featured_media":1726,"template":"","meta":[],"product_cat":[65,62],"product_tag":[68],"_links":{"self":[{"href":"https:\/\/swissmed-ks.com\/sq\/wp-json\/wp\/v2\/product\/1336"}],"collection":[{"href":"https:\/\/swissmed-ks.com\/sq\/wp-json\/wp\/v2\/product"}],"about":[{"href":"https:\/\/swissmed-ks.com\/sq\/wp-json\/wp\/v2\/types\/product"}],"wp:featuredmedia":[{"embeddable":true,"href":"https:\/\/swissmed-ks.com\/sq\/wp-json\/wp\/v2\/media\/1726"}],"wp:attachment":[{"href":"https:\/\/swissmed-ks.com\/sq\/wp-json\/wp\/v2\/media?parent=1336"}],"wp:term":[{"taxonomy":"product_cat","embeddable":true,"href":"https:\/\/swissmed-ks.com\/sq\/wp-json\/wp\/v2\/product_cat?post=1336"},{"taxonomy":"product_tag","embeddable":true,"href":"https:\/\/swissmed-ks.com\/sq\/wp-json\/wp\/v2\/product_tag?post=1336"}],"curies":[{"name":"wp","href":"https:\/\/api.w.org\/{rel}","templated":true}]}}