{"id":1338,"date":"2021-12-23T21:44:19","date_gmt":"2021-12-23T20:44:19","guid":{"rendered":"https:\/\/swissmed-ks.com\/?post_type=product&#038;p=1338"},"modified":"2022-03-17T15:44:53","modified_gmt":"2022-03-17T14:44:53","slug":"cobas-integra-400-plus","status":"publish","type":"product","link":"https:\/\/swissmed-ks.com\/sq\/products\/cobas-integra-400-plus\/","title":{"rendered":"Cobas Integra 400 Plus"},"content":{"rendered":"<p><strong>Efikasiteti ekonomik<\/strong><\/p>\n<ul>\n<li>Reagent\u00eb t\u00eb gatsh\u00ebm p\u00ebr p\u00ebrdorim me nj\u00eb q\u00ebndrueshm\u00ebri t\u00eb gjat\u00eb, kalibrim t\u00eb shpejt\u00eb dhe t\u00eb sakt\u00eb<\/li>\n<li>Procese t\u00eb thjeshtuara dhe kosto t\u00eb reduktuara<\/li>\n<li>Aft\u00ebsi gjith\u00ebp\u00ebrfshir\u00ebse testimi n\u00eb nj\u00eb hap\u00ebsir\u00eb kompakte<\/li>\n<\/ul>\n<p><strong>Relevanca e testimit mjek\u00ebsor<\/strong><\/p>\n<ul>\n<li>Kat\u00ebr teknologji mat\u00ebse: fotometria absorbuese, turbidimetria, polarimetria fluoreshente, potenciometria me elektrod\u00eb jon-selektive.<\/li>\n<li class=\" translation-block\">Korrelacion i lart\u00eb mes rezultateve n\u00eb t\u00eb gjitha platformat <strong>cobas<\/strong><strong><sup>\u00ae<\/sup><\/strong>\u00a0<\/li>\n<li>Kiveta me vet\u00ebm nj\u00eb p\u00ebrdorim p\u00ebr t\u00eb siguruar analiza pa interferime<\/li>\n<\/ul>\n<p><strong>P\u00ebrdorim i thjesht\u00eb<\/strong><\/p>\n<ul>\n<li>Aft\u00ebsi gjith\u00ebp\u00ebrfshir\u00ebse testimi n\u00eb nj\u00eb hap\u00ebsir\u00eb kompakte<\/li>\n<li>Vendosje e vazhdueshme e mostrave dhe jo detyrimisht n\u00eb sekuenc\u00eb.<\/li>\n<li>Modul p\u00ebr ftohje automatike p\u00ebr q\u00ebndrueshm\u00ebri t\u00eb reagjent\u00ebve dhe kalibrator\u00ebve<\/li>\n<\/ul>\n<p><strong>Specifikimet<\/strong><\/p>\n<ul>\n<li>Vendosje e vazhdueshme e mostrave dhe jo detyrimisht n\u00eb sekuenc\u00eb<\/li>\n<li>Integrimi i 4 principeve mat\u00ebse<\/li>\n<li>36 lloje t\u00eb reagjent\u00eb n\u00eb t\u00eb nj\u00ebjt\u00ebn koh\u00eb n\u00eb bordin e analizatorit<\/li>\n<li>Fotometria e absorbimit: Enzimat dhe substratet<\/li>\n<li>Potenciometria me elektrod\u00eb jon-selektive.: Na+, K+, Cl\u2013, Li+<\/li>\n<li>Deri n\u00eb 400 teste\/or\u00eb (duke p\u00ebrfshir\u00eb edhe ISE)<\/li>\n<li>Llojet e mostrave: serum, plazm\u00eb, urina, lwng cerebrospinal, hemolizat dhe gjak i plot\u00eb (HbA1c)<\/li>\n<li>Hollim dhe p\u00ebrqendrim automatik t\u00eb mostr\u00ebs<\/li>\n<li>V\u00ebllimi i mostr\u00ebs zakonisht 2 deri n\u00eb 10 \u00b5L p\u00ebr test, ISE indirekte 20 \u00b5L, ISE direkte 97 \u00b5L<\/li>\n<\/ul>\n<p>&nbsp;<\/p>","protected":false},"excerpt":{"rendered":"<div>\n<p>Analizatori COBAS INTEGRA 400 plus \u00ebsht\u00eb zgjedhja perfekte p\u00ebr laborator\u00ebt q\u00eb p\u00ebrpunojn\u00eb deri n\u00eb 400 mostra n\u00eb dit\u00eb. Paneli i gjer\u00eb i testeve p\u00ebrfshin\u00eb mbi 120 analiza q\u00eb konsolidojn\u00eb biokimin\u00eb klinike me proteina specifike, monitorim terapeutik t\u00eb barnave dhe testimin e drogave abuzese. Ky analizator kompakt ofron mund\u00ebsi maksimale p\u00ebr t\u00eb p\u00ebrmir\u00ebsuar efi\u00e7ienc\u00ebn dhe p\u00ebr t\u00eb ulur kostot e testimeve. Formati i p\u00ebrshtatsh\u00ebm i reagjent\u00ebve t\u00eb COBAS INTEGRA 400 plus mund\u00ebson nj\u00eb standardizim t\u00eb rezultateve t\u00eb pacient\u00ebve n\u00ebp\u00ebr rrjetet e integruara t\u00eb laborator\u00ebve.<\/p>\n<\/div>\n<div><\/div>\n<p>Pershkrimi n\u00eb PDF<\/p>\n<p><a href=\"https:\/\/swissmed-ks.com\/wp-content\/uploads\/2022\/03\/Cobas_Integra_400_plus_automated_chemistry_analyzer_en.pdf\" target=\"_blank\"  class=\"qbutton  qbutton_with_icon\" style=\"\">Shkarko<i class=\"qode_icon_font_awesome fa fa-download button_icon\" style=\"\" ><\/i><\/a><\/p>\n<p>&nbsp;<\/p>","protected":false},"featured_media":1355,"template":"","meta":[],"product_cat":[63,66],"product_tag":[70],"_links":{"self":[{"href":"https:\/\/swissmed-ks.com\/sq\/wp-json\/wp\/v2\/product\/1338"}],"collection":[{"href":"https:\/\/swissmed-ks.com\/sq\/wp-json\/wp\/v2\/product"}],"about":[{"href":"https:\/\/swissmed-ks.com\/sq\/wp-json\/wp\/v2\/types\/product"}],"wp:featuredmedia":[{"embeddable":true,"href":"https:\/\/swissmed-ks.com\/sq\/wp-json\/wp\/v2\/media\/1355"}],"wp:attachment":[{"href":"https:\/\/swissmed-ks.com\/sq\/wp-json\/wp\/v2\/media?parent=1338"}],"wp:term":[{"taxonomy":"product_cat","embeddable":true,"href":"https:\/\/swissmed-ks.com\/sq\/wp-json\/wp\/v2\/product_cat?post=1338"},{"taxonomy":"product_tag","embeddable":true,"href":"https:\/\/swissmed-ks.com\/sq\/wp-json\/wp\/v2\/product_tag?post=1338"}],"curies":[{"name":"wp","href":"https:\/\/api.w.org\/{rel}","templated":true}]}}