{"id":1541,"date":"2022-02-02T21:55:36","date_gmt":"2022-02-02T20:55:36","guid":{"rendered":"https:\/\/swissmed-ks.com\/?post_type=product&#038;p=1541"},"modified":"2022-03-08T18:11:35","modified_gmt":"2022-03-08T17:11:35","slug":"cobas-e-411","status":"publish","type":"product","link":"https:\/\/swissmed-ks.com\/sq\/products\/cobas-e-411\/","title":{"rendered":"COBAS E 411"},"content":{"rendered":"<h4><strong>P\u00cbRFORMANC\u00cb E KLAS\u00cbS S\u00cb PAR\u00cb<\/strong><\/h4>\n<p>&nbsp;<\/p>\n<ul>\n<li>Sensitivitet i lart\u00eb, besueshm\u00ebri dhe riprodhueshm\u00ebri e rezultateve p\u00ebr shkak t\u00eb teknologjis\u00eb ECL<\/li>\n<li>Paneli i testimeve prej m\u00eb shum\u00eb se 100 teste<\/li>\n<li>Mund t\u00eb kryhen deri n\u00eb 18 analiza n\u00eb nj\u00eb raund matje dhe deri n\u00eb 86 teste\/h<\/li>\n<li>Modaliteti STAT 9 minut\u00ebsh p\u00ebr p\u00ebrpunimin e mostrave urgjente (p\u00ebrfshir\u00eb Troponin\u00ebn T me sensitivitet t\u00eb lart\u00eb, kreatin\u00eb-kinaz\u00ebn MB, mioglobin\u00ebn, hormonin paratiroid (PTH) dhe gonadotropin\u00ebn korionike humane (hCG).<\/li>\n<\/ul>\n<p>&nbsp;<\/p>\n<h4><strong>RRJEDH\u00cb INTELIGJENTE T\u00cb PUNIMIT T\u00cb MOSTR\u00cbS\u00a0<\/strong><\/h4>\n<p>&nbsp;<\/p>\n<ul>\n<li>Pipetim pa bartje t\u00eb mostrave p\u00ebr t\u00eb shmangur kontaminimin e kryq\u00ebzuar<\/li>\n<li>Aft\u00ebsia e automatizuar e p\u00ebrs\u00ebritjes s\u00eb mostr\u00ebs<\/li>\n<li>Vendosje e mostrave jo domosdoshm\u00ebrisht n\u00eb sekuenc\u00eb dhe mund\u00ebsia e STAT shum\u00eb fleksibile.<\/li>\n<\/ul>\n<p>&nbsp;<\/p>\n<h4><strong>KONCEPT UNIK T\u00cb REAGJENT\u00cbVE<\/strong><\/h4>\n<p>&nbsp;<\/p>\n<ul>\n<li>Manovrim i p\u00ebrshtatsh\u00ebm dhe pa gabime i pakove t\u00eb reagjent\u00ebve t\u00eb cobas e<\/li>\n<li>P\u00ebrdorim ekonomik me q\u00ebndrueshm\u00ebri t\u00eb lart\u00eb dhe madh\u00ebsi t\u00eb p\u00ebrshtatshme t\u00eb kiteve.<\/li>\n<\/ul>\n<p>&nbsp;<\/p>\n<h4><strong>BESUESHM\u00cbRIA E LART\u00cb E SISTEMIT<\/strong><\/h4>\n<p>&nbsp;<\/p>\n<ul>\n<li>M\u00eb shum\u00eb se 25,000 analizator\u00eb t\u00eb instaluar n\u00eb mbar\u00eb bot\u00ebn<\/li>\n<li>Koha shkurt\u00eb e mir\u00ebmbajtjes s\u00eb sistemit<\/li>\n<li>Low system maintenance time<\/li>\n<\/ul>\n<p>&nbsp;<\/p>\n<h4><strong>SPECIFIKAT E PRODUKTIT<\/strong><\/h4>\n<p>&nbsp;<\/p>\n<ul>\n<li>Aft\u00ebsit\u00eb e testimeve<\/li>\n<li>Teknologjia e elektrokimilumineshenc\u00ebs (ECL) p\u00ebr analizat imunologjike heterogjene<\/li>\n<li>Kapaciteti : Deri n\u00eb 86 teste\/or\u00eb<\/li>\n<li>Mostrat : Serum, plazm\u00eb, urin\u00eb<\/li>\n<li>Masat e integritetit t\u00eb testimit -  vazhduese t\u00eb pipet\u00ebs dhe epruvet\u00eb p\u00ebr zhvillim t\u00eb reasionit nj\u00ebp\u00ebrdorim\u00ebsh p\u00ebr pipetim pa kontaminim.<\/li>\n<li>Zbulimi i koagulit dhe nivelit t\u00eb l\u00ebngjeve (LLD) t\u00eb mostrave<\/li>\n<li>18 pozicione reagjent\u00ebsh<\/li>\n<\/ul>","protected":false},"excerpt":{"rendered":"<p>Cobas e 411 \u00ebsht\u00eb nj\u00eb analizator plot\u00ebsisht i automatizuar q\u00eb p\u00ebrdor nj\u00eb teknologji t\u00eb patentuar t\u00eb ElectroChemiLuminescence (ECL) p\u00ebr analizat imunologjike. Ai \u00ebsht\u00eb dizajnuar si p\u00ebr p\u00ebrcaktime sasiore ashtu edhe cil\u00ebsore t\u00eb analizave in vitro p\u00ebr nj\u00eb gam\u00eb t\u00eb gjer\u00eb aplikimesh (p\u00ebrfshir\u00eb anemin\u00eb; kockat; marker\u00ebt kardiak dhe tumoral\u00eb; kujdesi kritik; fertiliteti\/hormonet; kujdesi maternal si dhe s\u00ebmundjet infektive). Analizatori \u00ebsht\u00eb n\u00eb dispozicion me dy sisteme: sistemi me disk dhe me rafte (rack).<\/p>\n<p>Pershkrimi n\u00eb PDF<\/p>\n<p><a href=\"https:\/\/swissmed-ks.com\/wp-content\/uploads\/2022\/03\/cobas_e_411_EN.pdf\" target=\"_blank\"  class=\"qbutton  qbutton_with_icon\" style=\"\">Shkarko<i class=\"qode_icon_font_awesome fa fa-download button_icon\" style=\"\" ><\/i><\/a><\/p>","protected":false},"featured_media":1542,"template":"","meta":[],"product_cat":[78,66],"product_tag":[82],"_links":{"self":[{"href":"https:\/\/swissmed-ks.com\/sq\/wp-json\/wp\/v2\/product\/1541"}],"collection":[{"href":"https:\/\/swissmed-ks.com\/sq\/wp-json\/wp\/v2\/product"}],"about":[{"href":"https:\/\/swissmed-ks.com\/sq\/wp-json\/wp\/v2\/types\/product"}],"wp:featuredmedia":[{"embeddable":true,"href":"https:\/\/swissmed-ks.com\/sq\/wp-json\/wp\/v2\/media\/1542"}],"wp:attachment":[{"href":"https:\/\/swissmed-ks.com\/sq\/wp-json\/wp\/v2\/media?parent=1541"}],"wp:term":[{"taxonomy":"product_cat","embeddable":true,"href":"https:\/\/swissmed-ks.com\/sq\/wp-json\/wp\/v2\/product_cat?post=1541"},{"taxonomy":"product_tag","embeddable":true,"href":"https:\/\/swissmed-ks.com\/sq\/wp-json\/wp\/v2\/product_tag?post=1541"}],"curies":[{"name":"wp","href":"https:\/\/api.w.org\/{rel}","templated":true}]}}