{"id":1543,"date":"2022-02-02T21:57:57","date_gmt":"2022-02-02T20:57:57","guid":{"rendered":"https:\/\/swissmed-ks.com\/?post_type=product&#038;p=1543"},"modified":"2022-04-01T16:45:06","modified_gmt":"2022-04-01T14:45:06","slug":"avl-9180-electrolyte-analyzer","status":"publish","type":"product","link":"https:\/\/swissmed-ks.com\/sq\/products\/avl-9180-electrolyte-analyzer\/","title":{"rendered":"Analizues elektrolitesh AVL 9180 (Roche)"},"content":{"rendered":"<ul>\n<li>95 \u03bcL t\u00eb gjakut t\u00eb plot\u00eb, serum, plazm\u00eb, dializat me acetat ose bikarbonat ose urin\u00eb t\u00eb holluar paraprakisht<\/li>\n<li>Konfigurim i thjesht\u00eb i analizatorit me butonat Po\/Jo\u2014nuk ka nevoj\u00eb t\u00eb ndryshoni reagjent\u00ebt ose t\u00eb z\u00ebvend\u00ebsoni tubin<\/li>\n<li>Pranon tuba p\u00ebr marrje gjaku, shiringa, kapilar\u00eb ose kiveta<\/li>\n<li>T\u00eb gjith\u00eb reagjent\u00ebt dhe mbetjet mbyllen n\u00eb SnapPak\u2122 t\u00eb p\u00ebrshtatsh\u00ebm<\/li>\n<li>Monitoron nivelin e reagjentit t\u00eb mbetur dhe e nxit\u00eb p\u00ebrdoruesin t\u00eb vendos nj\u00eb SnapPak t\u00eb ri kur k\u00ebrkohet<\/li>\n<li>Kalibrimi n\u00eb nj\u00eb pik\u00eb b\u00ebhet n\u00eb \u00e7do test; kalibrimi me dy pika b\u00ebhet \u00e7do kat\u00ebr or\u00eb<\/li>\n<li>Softueri i kontroll\u00ebs s\u00eb kualitetit n\u00eb bord gjurmon t\u00eb dh\u00ebnat e QC, duke p\u00ebrfshir\u00eb devijimin standard dhe CV.<\/li>\n<li>Modi Stand-by gjat\u00eb periudhes s\u00eb mos perdorimit.<\/li>\n<\/ul>","protected":false},"excerpt":{"rendered":"<ul>\n<li>Analizatori i elektrolit\u00ebve 9180 ju jep nj\u00eb zgjedhje prej shtat\u00eb konfigurimesh t\u00eb ndryshme t\u00eb elektroliteve p\u00ebr t'iu p\u00ebrshtatur nevojave tuaja t\u00eb menj\u00ebhershme dhe t\u00eb ardhshme t\u00eb testimit.\nP\u00ebr t\u00eb ndryshuar konfigurimin, gjith\u00e7ka q\u00eb duhet t\u00eb b\u00ebni \u00ebsht\u00eb t\u00eb z\u00ebvend\u00ebsoni elektrod\u00ebn me nj\u00eb tjet\u00ebr n\u00eb var\u00ebsi t\u00eb nevojes, dhe pastaj t\u00eb b\u00ebni rikalibrimin e elektordave ne konfigurimin e ri. Nuk ka nevoj\u00eb t\u00eb nd\u00ebrroni reagjentin ose t\u00eb z\u00ebvend\u00ebsoni ndonj\u00eb tub.<\/li>\n<li>Analizues i pavarur, plot\u00ebsisht automatik me n\u00ebnt\u00eb konfigurime t\u00eb ndryshme t\u00eb elektrolit\u00ebve<\/li>\n<li>Kompletimi i analizuesit p\u00ebrfshin: elektroda referente, sht\u00ebpiza e elektrodes referente, elektroda e natriumit, komplet aksesori, furnizimi fillestar me solucione kalibrimi dhe funksionimi, kontrolla e kualitetit - Isetrol, let\u00ebr printeri, pajisje shtes\u00eb p\u00ebr mir\u00ebmbajtje.<\/li>\n<\/ul>\n<p>Pershkrimi n\u00eb PDF<\/p>\n<p><a href=\"https:\/\/swissmed-ks.com\/wp-content\/uploads\/2022\/04\/AVL-9180-Electrolytes-Analyzer1.pdf\" target=\"_self\"  class=\"qbutton  qbutton_with_icon\" style=\"\">Shkarko<i class=\"qode_icon_font_awesome fa fa-download button_icon\" style=\"\" ><\/i><\/a><\/p>\n<p>&nbsp;<\/p>","protected":false},"featured_media":1544,"template":"","meta":[],"product_cat":[64,66],"product_tag":[69],"_links":{"self":[{"href":"https:\/\/swissmed-ks.com\/sq\/wp-json\/wp\/v2\/product\/1543"}],"collection":[{"href":"https:\/\/swissmed-ks.com\/sq\/wp-json\/wp\/v2\/product"}],"about":[{"href":"https:\/\/swissmed-ks.com\/sq\/wp-json\/wp\/v2\/types\/product"}],"wp:featuredmedia":[{"embeddable":true,"href":"https:\/\/swissmed-ks.com\/sq\/wp-json\/wp\/v2\/media\/1544"}],"wp:attachment":[{"href":"https:\/\/swissmed-ks.com\/sq\/wp-json\/wp\/v2\/media?parent=1543"}],"wp:term":[{"taxonomy":"product_cat","embeddable":true,"href":"https:\/\/swissmed-ks.com\/sq\/wp-json\/wp\/v2\/product_cat?post=1543"},{"taxonomy":"product_tag","embeddable":true,"href":"https:\/\/swissmed-ks.com\/sq\/wp-json\/wp\/v2\/product_tag?post=1543"}],"curies":[{"name":"wp","href":"https:\/\/api.w.org\/{rel}","templated":true}]}}