{"id":1545,"date":"2022-02-02T22:03:27","date_gmt":"2022-02-02T21:03:27","guid":{"rendered":"https:\/\/swissmed-ks.com\/?post_type=product&#038;p=1545"},"modified":"2024-07-24T14:35:42","modified_gmt":"2024-07-24T12:35:42","slug":"euroblotone","status":"publish","type":"product","link":"https:\/\/swissmed-ks.com\/sq\/products\/euroblotone\/","title":{"rendered":"EUROBlotOne"},"content":{"rendered":"<ul>\n<li>Sistem plot\u00ebsisht i automatizuar p\u00ebr p\u00ebrpunimin e deri n\u00eb 44 imunostripeve n\u00eb nj\u00eb raund matjesh - nga identifikimi i mostr\u00ebs deri n\u00eb rezultatin p\u00ebrfundimtar<\/li>\n<li>Nj\u00ebsi tharjeje e integruar p\u00ebr evaluim t\u00eb shpejt\u00eb t\u00eb stripeve dhe riprodhueshm\u00ebri t\u00eb lart\u00eb t\u00eb rezultateve<\/li>\n<li>Siguria m\u00eb e lart\u00eb p\u00ebrmes identifikimit automatik t\u00eb barkodit t\u00eb mostrave<\/li>\n<li>Kombinim fleksibil i parametrave autoimune dhe t\u00eb infeksionit n\u00eb nj\u00eb raund matjesh dhe diagnostikimi autoimun, i infeksionit dhe alergjis\u00eb n\u00eb nj\u00eb pajisje<\/li>\n<li>Softuer intuitiv p\u00ebr funksionim t\u00eb sigurt dhe t\u00eb p\u00ebrshtatsh\u00ebm<\/li>\n<li>Evaluim i besuesh\u00ebm i automatizuar i blotstripeve me softuerin EUROLineScan<\/li>\n<\/ul>\n<p>&nbsp;<\/p>\n<p><strong>Specifikimet<\/strong><\/p>\n<ul>\n<li>Llojet e mostrave: plazma, serumi dhe l\u00ebngu cerebrospinal<\/li>\n<li>Kapaciteti i mostrave: deri n\u00eb 44<\/li>\n<li>Gjurmueshm\u00ebria: skaner kodi i integruar p\u00ebr identifikimin e mostrave<\/li>\n<\/ul>","protected":false},"excerpt":{"rendered":"<p>EUROBlotOne \u00ebsht\u00eb nj\u00eb pajisje kompakte p\u00ebr p\u00ebrpunimin e plot\u00eb t\u00eb  imunostripeve. Pas ngarkimit t\u00eb shpejt\u00eb dhe t\u00eb p\u00ebrshtatsh\u00ebm p\u00ebrmes softuerit, sistemi kryen identifikimin dhe hollimin e mostrave, si dhe t\u00eb gjitha hapat e inkubimit dhe larjes. Tet\u00eb kanale reagent\u00ebsh lejojn\u00eb kombinimin e testeve diagnostikuese autoimune dhe infektive n\u00eb nj\u00eb raund matjes. Stripet e inkubuar m\u00eb pas thahen automatikisht, fotografohen dhe evaluohen duke p\u00ebrdorur softuerin EUROLineScan. Rezultatet e testimit mund t\u00eb komunikohen n\u00eb m\u00ebnyr\u00eb t\u00eb dyanshme, me an\u00eb t\u00eb LIS sistemit ose EUROLabOffice.<\/p>\n<p>Pershkrimi n\u00eb PDF<\/p>\n<p><a href=\"https:\/\/swissmed-ks.com\/wp-content\/uploads\/2024\/07\/EBO-Brochure_new.pdf\" target=\"_blank\"  class=\"qbutton  qbutton_with_icon\" style=\"\">Shkarko<i class=\"qode_icon_font_awesome fa fa-download button_icon\" style=\"\" ><\/i><\/a><\/p>\n<p>&nbsp;<\/p>","protected":false},"featured_media":1546,"template":"","meta":[],"product_cat":[79,74],"product_tag":[83],"_links":{"self":[{"href":"https:\/\/swissmed-ks.com\/sq\/wp-json\/wp\/v2\/product\/1545"}],"collection":[{"href":"https:\/\/swissmed-ks.com\/sq\/wp-json\/wp\/v2\/product"}],"about":[{"href":"https:\/\/swissmed-ks.com\/sq\/wp-json\/wp\/v2\/types\/product"}],"wp:featuredmedia":[{"embeddable":true,"href":"https:\/\/swissmed-ks.com\/sq\/wp-json\/wp\/v2\/media\/1546"}],"wp:attachment":[{"href":"https:\/\/swissmed-ks.com\/sq\/wp-json\/wp\/v2\/media?parent=1545"}],"wp:term":[{"taxonomy":"product_cat","embeddable":true,"href":"https:\/\/swissmed-ks.com\/sq\/wp-json\/wp\/v2\/product_cat?post=1545"},{"taxonomy":"product_tag","embeddable":true,"href":"https:\/\/swissmed-ks.com\/sq\/wp-json\/wp\/v2\/product_tag?post=1545"}],"curies":[{"name":"wp","href":"https:\/\/api.w.org\/{rel}","templated":true}]}}