{"id":1547,"date":"2022-02-02T22:05:06","date_gmt":"2022-02-02T21:05:06","guid":{"rendered":"https:\/\/swissmed-ks.com\/?post_type=product&#038;p=1547"},"modified":"2022-03-08T18:15:28","modified_gmt":"2022-03-08T17:15:28","slug":"i-2p-elisa","status":"publish","type":"product","link":"https:\/\/swissmed-ks.com\/sq\/products\/i-2p-elisa\/","title":{"rendered":"I-2P- Elisa"},"content":{"rendered":"<ul>\n<li>P\u00ebrpunim plot\u00ebsisht i automatizuar ELISA p\u00ebr fluks t\u00eb ul\u00ebt deri n\u00eb mesatar t\u00eb mostrave dhe me qasje minimale manuale<\/li>\n<li>Sistemi i hapur me m\u00eb shum\u00eb se 800 parametra t\u00eb validuara t\u00eb EUROIMMUN p\u00ebr diagnostikimin e s\u00ebmundjeve autoimune dhe atyre infektive<\/li>\n<li>Besueshm\u00ebri dhe gjurmueshm\u00ebri e lart\u00eb p\u00ebr shkak t\u00eb identifikimit automatik t\u00eb barkodeve t\u00eb mostrave t\u00eb pacient\u00ebve dhe reagjent\u00ebve t\u00eb gatsh\u00ebm p\u00ebr p\u00ebrdorim<\/li>\n<li>P\u00ebrpunim i shpejt\u00eb, deri n\u00eb 50 teste n\u00eb or\u00eb<\/li>\n<li>Kapaciteti deri n\u00eb 3 pllaka dhe 144 mostra p\u00ebr \u00e7do rund<\/li>\n<li>Funksionim i p\u00ebrshtatsh\u00ebm i softuerit duke p\u00ebrfshir\u00eb skanimin e certifikatave t\u00eb QC duke p\u00ebrdorur nj\u00eb skaner barkodi me dor\u00eb 2D<\/li>\n<\/ul>\n<p>&nbsp;<\/p>\n<table>\n<tbody>\n<tr>\n<td width=\"312\">Llojet e mostr\u00ebs:<\/td>\n<td width=\"312\">Plazma, serumi, l\u00ebngu cerebrospinal dhe fecesi<\/td>\n<\/tr>\n<tr>\n<td width=\"312\">Kapaciteti i mostrave:<\/td>\n<td width=\"312\">deri n\u00eb 144 mostra<\/td>\n<\/tr>\n<tr>\n<td width=\"312\">Kapaciteti i pllak\u00ebs:<\/td>\n<td width=\"312\">deri n\u00eb 3<\/td>\n<\/tr>\n<tr>\n<td width=\"312\">Kapaciteti i parametrave p\u00ebr raund matjesh:<\/td>\n<td width=\"312\">deri n\u00eb 36<\/td>\n<\/tr>\n<\/tbody>\n<\/table>","protected":false},"excerpt":{"rendered":"<p>Analizatori EUROIMMUN I-2P \u00ebsht\u00eb nj\u00eb sistem i hapur p\u00ebr p\u00ebrpunimin plot\u00ebsisht t\u00eb automatizuar ELISA deri n\u00eb 3 mikropllaka dhe 144 mostra pacient\u00ebsh n\u00eb nj\u00eb raund matjesh. Kombinimi i EUROIMMUN ELISA dhe EUROIMMUN Analyzer I-2P mund\u00ebson nj\u00eb funksionim rutin\u00eb t\u00eb shpejt\u00eb dhe t\u00eb thjesht\u00eb, por edhe t\u00eb sigurt, p\u00ebr shkak t\u00eb njohjes dhe alokimit automatik t\u00eb reagjent\u00ebve dhe importimit t\u00eb t\u00eb dh\u00ebnave t\u00eb kontroll\u00ebs s\u00eb kualitetit n\u00ebp\u00ebrmjet kodeve t\u00eb Matric\u00ebs s\u00eb t\u00eb Dh\u00ebnave.<\/p>\n<p>Nj\u00eb ve\u00e7ori e m\u00ebtejshme e cil\u00ebsis\u00eb \u00ebsht\u00eb nj\u00ebsia opcionale e kontrollit t\u00eb klim\u00ebs, e cila siguron kushte konstante inkubimi \u2014 pavar\u00ebsisht nga luhatjet ose temperaturat tep\u00ebr t\u00eb larta laboratorike. Analizatori EUROIMMUN I-2P \u00ebsht\u00eb projektuar p\u00ebr fluks t\u00eb ulta deri n\u00eb mesatar t\u00eb pun\u00ebs.<\/p>\n<p>&nbsp;<\/p>\n<p>Pershkrimi n\u00eb PDF<\/p>\n<p><a href=\"https:\/\/swissmed-ks.com\/wp-content\/uploads\/2022\/03\/Analyzer-I-2P-1_Technical-specs.-1.pdf\" target=\"_self\"  class=\"qbutton  qbutton_with_icon\" style=\"\">Shkarko<i class=\"qode_icon_font_awesome fa fa-download button_icon\" style=\"\" ><\/i><\/a><\/p>","protected":false},"featured_media":1549,"template":"","meta":[],"product_cat":[74,78],"product_tag":[82],"_links":{"self":[{"href":"https:\/\/swissmed-ks.com\/sq\/wp-json\/wp\/v2\/product\/1547"}],"collection":[{"href":"https:\/\/swissmed-ks.com\/sq\/wp-json\/wp\/v2\/product"}],"about":[{"href":"https:\/\/swissmed-ks.com\/sq\/wp-json\/wp\/v2\/types\/product"}],"wp:featuredmedia":[{"embeddable":true,"href":"https:\/\/swissmed-ks.com\/sq\/wp-json\/wp\/v2\/media\/1549"}],"wp:attachment":[{"href":"https:\/\/swissmed-ks.com\/sq\/wp-json\/wp\/v2\/media?parent=1547"}],"wp:term":[{"taxonomy":"product_cat","embeddable":true,"href":"https:\/\/swissmed-ks.com\/sq\/wp-json\/wp\/v2\/product_cat?post=1547"},{"taxonomy":"product_tag","embeddable":true,"href":"https:\/\/swissmed-ks.com\/sq\/wp-json\/wp\/v2\/product_tag?post=1547"}],"curies":[{"name":"wp","href":"https:\/\/api.w.org\/{rel}","templated":true}]}}