{"id":1551,"date":"2022-02-02T22:06:36","date_gmt":"2022-02-02T21:06:36","guid":{"rendered":"https:\/\/swissmed-ks.com\/?post_type=product&#038;p=1551"},"modified":"2022-03-08T18:55:50","modified_gmt":"2022-03-08T17:55:50","slug":"euroarray","status":"publish","type":"product","link":"https:\/\/swissmed-ks.com\/sq\/products\/euroarray\/","title":{"rendered":"Euroarray"},"content":{"rendered":"<p><strong>P\u00ebrgatitja e mostr\u00ebs: Izolimi i ADN-s\u00eb<\/strong><\/p>\n<p>P\u00ebr t\u00eb detektuar me nj\u00eb microarray n\u00ebse ADN-ja e nj\u00eb pacienti p\u00ebrmban sekuenca t\u00eb ve\u00e7anta, ADN-ja duhet s\u00eb pari t\u00eb nxirret nga gjaku i pacientit. Kjo kryhet duke p\u00ebrdorur kite t\u00eb izolimit t\u00eb ADN-s\u00eb.<\/p>\n<p><strong>Amplifikimi i ADN-s\u00eb s\u00eb pacientit: Reaksioni zinxhiror i polimeraz\u00ebs (PCR)<\/strong><\/p>\n<p>Sekuencat e ADN-s\u00eb q\u00eb kan\u00eb p\u00ebr tu analizuar amplifikohen miliona her\u00eb duke p\u00ebrdorur reaksionin zinxhiror t\u00eb polimeraz\u00ebs (PCR). Dy molekula fillestare t\u00eb ADN-s\u00eb (primera) p\u00ebrcaktojn\u00eb rajonin q\u00eb do t\u00eb kopjohet. N\u00ebse ADN-ja e pacientit p\u00ebrmban sekuenc\u00ebn p\u00ebrkat\u00ebs (sekuenc\u00ebn e synuar), primer\u00ebt lidhen dhe sekuenca e synuar kopjohet. Ky reaksion p\u00ebrs\u00ebritet shum\u00eb her\u00eb, n\u00eb m\u00ebnyr\u00eb q\u00eb rajoni i ADN-s\u00eb nd\u00ebrmjet primer\u00ebve t\u00eb amplifikohet shum\u00eb (n\u00eb m\u00ebnyr\u00eb eksponenciale). Produktet rezultuese t\u00eb PCR-s\u00eb etiketohen me nj\u00eb ngjyr\u00eb fluoreshente, e cila e mund\u00ebson zbulimin e tyre m\u00eb pas nga microarray. N\u00ebse sekuenca e synuar nuk \u00ebsht\u00eb e pranishme n\u00eb mostr\u00ebn e pacientit, at\u00ebher\u00eb primer\u00ebt nuk mund t\u00eb lidhen dhe ADN-ja nuk amplifikohet.<\/p>\n<p><strong>Analiza e produkteve t\u00eb PCR n\u00eb microarray: Hibridizimi i microarray t\u00eb ADN-s\u00eb<\/strong><\/p>\n<p>Produktet e PCR inkubohen me microarray. Ato fillimisht p\u00ebrzihen me nj\u00eb pufer hibridizimi, i cili siguron kushte optimale p\u00ebr lidhjen e produkteve t\u00eb PCR me probet komplementare n\u00eb microarray. Kjo lidhje matet n\u00ebp\u00ebrmjet sinjaleve t\u00eb fluoreshenc\u00ebs t\u00eb emetuara nga njollat.<\/p>","protected":false},"excerpt":{"rendered":"<p><strong>\u00c7far\u00eb \u00ebsht\u00eb nj\u00eb microarray dhe si funksionon?<\/strong><\/p>\n<p><strong>Parimi i nj\u00eb microarray t\u00eb ADN-s\u00eb<\/strong><\/p>\n<p>Microarray e ADN-s\u00eb p\u00ebrb\u00ebhen nga sekuenca t\u00eb ADN-s\u00eb (probe) t\u00eb cilat aplikohen n\u00eb nj\u00eb material mbajt\u00ebs t\u00eb ngurt\u00eb, si qelqi, n\u00eb pika t\u00eb vogla mikroskopike t\u00eb vendosura n\u00eb pozicione t\u00eb p\u00ebrcaktuara. Probe ndryshojn\u00eb nga nj\u00ebra-tjetra p\u00ebr nga sekuenca e tyre e ADN-s\u00eb - renditja e blloqeve t\u00eb tyre nd\u00ebrtuese (nukleotidet me bazat adenin\u00eb, A; citozin\u00eb, C; guanin\u00eb, G; timin\u00eb, T). Kur ADN-ja e nj\u00eb pacienti p\u00ebrmban segmente q\u00eb p\u00ebrputhen me probe e microarray, zonat komplementare t\u00eb ADN-s\u00eb lidhen s\u00eb bashku - ato hibridizohen. Kjo lidhje matet n\u00ebp\u00ebrmjet nj\u00eb leximi t\u00eb gjeneruar nga kompjuteri dhe vler\u00ebsohet si nj\u00eb sinjal pozitiv.<\/p>\n<p>&nbsp;<\/p>\n<p>Pershkrimi n\u00eb PDF<\/p>\n<p><a href=\"https:\/\/swissmed-ks.com\/wp-content\/uploads\/2022\/03\/EUROArrayScan-System.pdf\" target=\"_blank\"  class=\"qbutton  qbutton_with_icon\" style=\"\">Shkarko<i class=\"qode_icon_font_awesome fa fa-download button_icon\" style=\"\" ><\/i><\/a><\/p>","protected":false},"featured_media":1552,"template":"","meta":[],"product_cat":[74,80],"product_tag":[84],"_links":{"self":[{"href":"https:\/\/swissmed-ks.com\/sq\/wp-json\/wp\/v2\/product\/1551"}],"collection":[{"href":"https:\/\/swissmed-ks.com\/sq\/wp-json\/wp\/v2\/product"}],"about":[{"href":"https:\/\/swissmed-ks.com\/sq\/wp-json\/wp\/v2\/types\/product"}],"wp:featuredmedia":[{"embeddable":true,"href":"https:\/\/swissmed-ks.com\/sq\/wp-json\/wp\/v2\/media\/1552"}],"wp:attachment":[{"href":"https:\/\/swissmed-ks.com\/sq\/wp-json\/wp\/v2\/media?parent=1551"}],"wp:term":[{"taxonomy":"product_cat","embeddable":true,"href":"https:\/\/swissmed-ks.com\/sq\/wp-json\/wp\/v2\/product_cat?post=1551"},{"taxonomy":"product_tag","embeddable":true,"href":"https:\/\/swissmed-ks.com\/sq\/wp-json\/wp\/v2\/product_tag?post=1551"}],"curies":[{"name":"wp","href":"https:\/\/api.w.org\/{rel}","templated":true}]}}