{"id":1553,"date":"2022-02-02T22:07:33","date_gmt":"2022-02-02T21:07:33","guid":{"rendered":"https:\/\/swissmed-ks.com\/?post_type=product&#038;p=1553"},"modified":"2024-07-24T14:37:49","modified_gmt":"2024-07-24T12:37:49","slug":"euroblotmaster","status":"publish","type":"product","link":"https:\/\/swissmed-ks.com\/sq\/products\/euroblotmaster\/","title":{"rendered":"EUROBlotMaster"},"content":{"rendered":"<ul>\n<li class=\" translation-block\">Automatizim fleksibil p\u00ebr t\u00eb gjith\u00eb EUROIMMUN blot stripet (EUROLINE, EUROLINE-WB, Westernblot)<\/li>\n<li class=\" translation-block\">P\u00ebrpunim i standardizuar p\u00ebr precizitet dhe riprodhueshm\u00ebri m\u00eb t\u00eb mir\u00eb<\/li>\n<li class=\" translation-block\">Kombinimi i diagnostikimeve autoimune, infektive dhe alergjis\u00eb n\u00eb nj\u00eb pajisje<\/li>\n<li class=\" translation-block\">Dy modele t\u00eb disponueshme: deri n\u00eb 30 ose deri n\u00eb 44 shirita p\u00ebr pun\u00eb<\/li>\n<li class=\" translation-block\">Funksionim i leht\u00eb duke p\u00ebrdorur navigimin e menys\u00eb n\u00eb ekranin e integruar<\/li>\n<li class=\" translation-block\">Kombinimi i konjugateve t\u00eb ndryshme p\u00ebr test brenda nj\u00eb raundi matjesh<\/li>\n<li class=\" translation-block\">Pajisje kompakte tavoline me k\u00ebrkes\u00eb t\u00eb ul\u00ebt p\u00ebr hap\u00ebsir\u00eb<\/li>\n<\/ul>\n<p>&nbsp;<\/p>\n<p><strong>Specifikimet<\/strong><\/p>\n<p>Llojet e mostrave: plazma, serumi dhe l\u00ebngu cerebrospinal<\/p>\n<p>Kapaciteti i testimit: deri n\u00eb 44 stripe<\/p>","protected":false},"excerpt":{"rendered":"<p>Procesues kompakt p\u00ebr stripet imunoblot<\/p>\n<p>EUROBlotMaster \u00ebsht\u00eb pajisje kompakte p\u00ebr procesimin e immunoblot stripeve (EUROLINE, EUROLINE-WB, Westernblot). Pas ngarkimit t\u00eb reagjent\u00ebve p\u00ebrmes softuerit, blot stripeve dhe mostrave, pajisja i kryen t\u00eb gjitha hapat e inkubimit dhe larjes sipas protokollit t\u00eb pun\u00ebs, si dhe shp\u00ebrndarjen e bufer\u00ebve, konjugat\u00ebve dhe tret\u00ebsir\u00ebs t\u00eb substratit dhe tret\u00ebsir\u00ebs s\u00eb stopimit t\u00eb reaksionit. Konjugatet dhe testet e ndryshme p\u00ebr diagnostikime autoimune, infektive dhe alergji mund t\u00eb kombinohen n\u00eb nj\u00eb raund matje.<\/p>\n<p>Pajisjet EUROBlotMaster kan\u00eb nj\u00eb ekran t\u00eb integruar me nj\u00eb tastier\u00eb membranore dhe nuk k\u00ebrkojn\u00eb nj\u00eb kompjuter shtes\u00eb. Ata jan\u00eb t\u00eb p\u00ebrshtatsh\u00ebm dhe t\u00eb thjesht\u00eb p\u00ebr t'u p\u00ebrdorur. K\u00ebrkojn\u00eb mir\u00ebmbajtje minimale ditore prej maksimum pes\u00eb minutash.<\/p>\n<p>&nbsp;<\/p>\n<p>Pershkrimi n\u00eb PDF<\/p>\n<p><a href=\"https:\/\/swissmed-ks.com\/wp-content\/uploads\/2024\/07\/EBM44_-Brochure_new.pdf\" target=\"_blank\"  class=\"qbutton  qbutton_with_icon\" style=\"\">Shkarko<i class=\"qode_icon_font_awesome fa fa-download button_icon\" style=\"\" ><\/i><\/a><\/p>\n<p>&nbsp;<\/p>","protected":false},"featured_media":1554,"template":"","meta":[],"product_cat":[79,74],"product_tag":[83],"_links":{"self":[{"href":"https:\/\/swissmed-ks.com\/sq\/wp-json\/wp\/v2\/product\/1553"}],"collection":[{"href":"https:\/\/swissmed-ks.com\/sq\/wp-json\/wp\/v2\/product"}],"about":[{"href":"https:\/\/swissmed-ks.com\/sq\/wp-json\/wp\/v2\/types\/product"}],"wp:featuredmedia":[{"embeddable":true,"href":"https:\/\/swissmed-ks.com\/sq\/wp-json\/wp\/v2\/media\/1554"}],"wp:attachment":[{"href":"https:\/\/swissmed-ks.com\/sq\/wp-json\/wp\/v2\/media?parent=1553"}],"wp:term":[{"taxonomy":"product_cat","embeddable":true,"href":"https:\/\/swissmed-ks.com\/sq\/wp-json\/wp\/v2\/product_cat?post=1553"},{"taxonomy":"product_tag","embeddable":true,"href":"https:\/\/swissmed-ks.com\/sq\/wp-json\/wp\/v2\/product_tag?post=1553"}],"curies":[{"name":"wp","href":"https:\/\/api.w.org\/{rel}","templated":true}]}}