{"id":1556,"date":"2022-02-02T22:08:31","date_gmt":"2022-02-02T21:08:31","guid":{"rendered":"https:\/\/swissmed-ks.com\/?post_type=product&#038;p=1556"},"modified":"2022-04-01T16:55:49","modified_gmt":"2022-04-01T14:55:49","slug":"erba-ecl-760","status":"publish","type":"product","link":"https:\/\/swissmed-ks.com\/sq\/products\/erba-ecl-760\/","title":{"rendered":"Erba ECL 760"},"content":{"rendered":"<p><strong>Karakteristikat funksionale:<\/strong><strong>:<\/strong><\/p>\n<ul>\n<li>7 kanale mat\u00ebse<\/li>\n<li>8 pozicione inkubimi n\u00eb 37\u00b0C +\/- 0,2\u00b0C p\u00ebr kivetat e reaksionit<\/li>\n<li>23 pozicione me ftohje dhe me mund\u00ebsi p\u00ebrzierje p\u00ebr reagjent\u00eb, hollues dhe pastrues<\/li>\n<li>27 pozicione p\u00ebr mostra, tuba primare, tuba t\u00eb sistemit vakum dhe epruveta t\u00eb mostr\u00ebs<\/li>\n<li>72 pozicione p\u00ebr kivetat e reaksionit<\/li>\n<li>Gjilp\u00ebr\u00eb pipetimi me parangrohje automatike, mbrojtje nga p\u00ebrplasja, detektim i nivelit t\u00eb l\u00ebngut dhe kontrolli i v\u00ebllimit t\u00eb reagjent\u00ebve<\/li>\n<li>V\u00ebllimi i l\u00ebngut t\u00eb reaksionit: 150-300 \u03bcl, v\u00ebllimi i pipetimit: 4-200 \u03bcl<\/li>\n<li>Parametrat: PT, APTT, TT, Fibrinogjen, Faktor\u00ebt e koagulimit, D-Dimer, ATIII, Proteina C, Proteina S, Lupus Antikoagulant\u00eb<\/li>\n<li>Printer termik i integruar<\/li>\n<li>RFID p\u00ebr sigurin\u00eb e p\u00ebrdorimit<\/li>\n<li>Kontrolli i cil\u00ebsis\u00eb: 12 materiale t\u00eb kontroll\u00ebs s\u00eb kualitetit t\u00eb p\u00ebrcaktuara nga p\u00ebrdoruesi<\/li>\n<li>Kalibrimi: Kalibrim automatik, manual, me 6 pika<\/li>\n<li>Kapaciteti i ruajtjes prej m\u00eb shum\u00eb se 10 000 kurba t\u00eb t\u00eb dh\u00ebnave<\/li>\n<li>Programi me grafikun automatik Levey-Jennings monitoron p\u00ebrformanc\u00ebn e sistemit<\/li>\n<li>Linja gjith\u00ebp\u00ebrfshir\u00ebse e reagjent\u00ebve Erba Hemostasis<\/li>\n<\/ul>\n<p><strong>Parametrat teknik\u00eb:<\/strong><\/p>\n<ul>\n<li>Furnizimi universal me energji - 240V ~ 50\/60Hz<\/li>\n<li>Dimensionet: 650 x 580 x 510 mm<\/li>\n<li>Pesha: 53 kg<\/li>\n<li>2 porte USB<\/li>\n<\/ul>","protected":false},"excerpt":{"rendered":"<ul>\n<li>Analizator plot\u00ebsisht i automatizuar i koagulimit<\/li>\n<li>Sistemi i avancuar i qasjes josekuenciale p\u00ebr analizat e koagulimit, imunologjike dhe kromogjenike t\u00eb testimit rutinor dhe STAT.<\/li>\n<li>Analizator i thjesht\u00eb<\/li>\n<li>Komunikimi LIS n\u00eb dy drejtime<\/li>\n<li>Lexues i barkodit p\u00ebr identifikimin e mostr\u00ebs<\/li>\n<li>60 teste PT \/ or\u00eb<\/li>\n<li>Ekrani me prekje me ngjyra dhe mund\u00ebsia p\u00ebr t\u00eb lidhur nj\u00eb tastier\u00eb t\u00eb jashtme, nj\u00eb maus dhe nj\u00eb printer.<\/li>\n<\/ul>\n<p>Pershkrimi n\u00eb PDF<\/p>\n<p><a href=\"https:\/\/swissmed-ks.com\/wp-content\/uploads\/2022\/04\/ECL760_catalogue_EN_2018.pdf\" target=\"_blank\"  class=\"qbutton  qbutton_with_icon\" style=\"\">Shkarko<i class=\"qode_icon_font_awesome fa fa-download button_icon\" style=\"\" ><\/i><\/a><\/p>","protected":false},"featured_media":1557,"template":"","meta":[],"product_cat":[65,62],"product_tag":[68],"_links":{"self":[{"href":"https:\/\/swissmed-ks.com\/sq\/wp-json\/wp\/v2\/product\/1556"}],"collection":[{"href":"https:\/\/swissmed-ks.com\/sq\/wp-json\/wp\/v2\/product"}],"about":[{"href":"https:\/\/swissmed-ks.com\/sq\/wp-json\/wp\/v2\/types\/product"}],"wp:featuredmedia":[{"embeddable":true,"href":"https:\/\/swissmed-ks.com\/sq\/wp-json\/wp\/v2\/media\/1557"}],"wp:attachment":[{"href":"https:\/\/swissmed-ks.com\/sq\/wp-json\/wp\/v2\/media?parent=1556"}],"wp:term":[{"taxonomy":"product_cat","embeddable":true,"href":"https:\/\/swissmed-ks.com\/sq\/wp-json\/wp\/v2\/product_cat?post=1556"},{"taxonomy":"product_tag","embeddable":true,"href":"https:\/\/swissmed-ks.com\/sq\/wp-json\/wp\/v2\/product_tag?post=1556"}],"curies":[{"name":"wp","href":"https:\/\/api.w.org\/{rel}","templated":true}]}}