{"id":1859,"date":"2024-07-22T21:41:43","date_gmt":"2024-07-22T19:41:43","guid":{"rendered":"https:\/\/swissmed-ks.com\/?post_type=product&#038;p=1859"},"modified":"2025-07-28T14:12:02","modified_gmt":"2025-07-28T12:12:02","slug":"maccura-f560","status":"publish","type":"product","link":"https:\/\/swissmed-ks.com\/sq\/products\/maccura-f560\/","title":{"rendered":"Maccura F560"},"content":{"rendered":"<ul>\n<li><span style=\"font-weight: 400;\">Teknologji e avancuar<br \/>\u00a0<\/span><span style=\"font-weight: 400;\">Special fluorescent staining solution will dye DNA or RNA blandly while 2<\/span><span style=\"font-weight: 400;\">nd<\/span><span style=\"font-weight: 400;\"> Generation chemistry staining reagents will dye Enzymes\/particles in cytoplasm. We know that different cell has different concentration of DNA or RNA , which cause the depth of dying is different.the more DNA or RNA , the stronger fluorescent signal. Since the nucleic acid is the most specific part of cell, so the 3rd Generation is more sensitive to distinguish different leukocyte, especially the abnormal cells.\u00a0<\/span><span style=\"font-weight: 400;\">Combine 3rd Generation technology with flow cytometry, A single-cell stream quickly passes through a channel in the middle, and every passing cell is detected by three beams of light from three directions to get size, granularity and nucleic acid information:<\/span><span style=\"font-weight: 400;\">FSL (Forward Scattered Light) mainly reflects the size of the cells,<\/span><span style=\"font-weight: 400;\">SSC (Side Scattered Light) mainly reflects size and number of particle in cells<\/span>\n<p><span style=\"font-weight: 400;\">SFL (Side Fluorescence Light) mainly reflects the concentration of nucleic acid.<\/span><\/p>\n<p><span style=\"font-weight: 400;\">Smart graphical analysis\u00a0<\/span><\/p>\n<p><span style=\"font-weight: 400;\">3D scattergram for accurate WBC differentiation and pathological sample flag<\/span><\/p>\n<table>\n<tbody>\n<tr>\n<td><span style=\"font-weight: 400;\">Specifikimet<\/span><\/td>\n<td><\/td>\n<\/tr>\n<tr>\n<td><span style=\"font-weight: 400;\">Measurement principle<\/span><\/td>\n<td><span style=\"font-weight: 400;\">Nucleic Acid Fluorescence Staining and Flow Cytometry<\/span><\/td>\n<\/tr>\n<tr>\n<td><span style=\"font-weight: 400;\">Parameters<\/span><\/td>\n<td><span style=\"font-weight: 400;\">24 report parameters (WBC, RBC, HGB, MCV, MCH, MCH-C, RDW-CW, RDW-SD, HCT, PLT, MPV, P-DW, PCT, P-LCR, BASO#, BASO%, NEUT#, NEUT%, EO#, EO%, LYMPH#, LYMPH%, MONO#, MONO%)<\/span><span style=\"font-weight: 400;\"><br \/>\n<\/span><span style=\"font-weight: 400;\"><br \/>\n<\/span><span style=\"font-weight: 400;\">4 research parameters (IG#, IG%, OTHER#, OTHER%)<\/span><span style=\"font-weight: 400;\">4 Graphs (2D and 3D scattergram analysis, 3 histograms)<\/span><\/td>\n<\/tr>\n<tr>\n<td><span style=\"font-weight: 400;\">Throughput<\/span><\/td>\n<td><span style=\"font-weight: 400;\">60 tests\/h<\/span><\/td>\n<\/tr>\n<tr>\n<td><span style=\"font-weight: 400;\">Test Mode<\/span><\/td>\n<td><span style=\"font-weight: 400;\">CBC \/ CBC+DIFF<\/span><\/td>\n<\/tr>\n<tr>\n<td><span style=\"font-weight: 400;\">Sample Type<\/span><\/td>\n<td><span style=\"font-weight: 400;\">Whole blood \/ Capillary blood \/ Pre-dilution blood<\/span><\/td>\n<\/tr>\n<tr>\n<td><span style=\"font-weight: 400;\">Sampling Method<\/span><\/td>\n<td><span style=\"font-weight: 400;\">Manual sampling<\/span><\/td>\n<\/tr>\n<tr>\n<td><span style=\"font-weight: 400;\">Sample Volume<\/span><\/td>\n<td><span style=\"font-weight: 400;\">20 \u00b5l<\/span><\/td>\n<\/tr>\n<tr>\n<td><span style=\"font-weight: 400;\">Reagents<\/span><\/td>\n<td><span style=\"font-weight: 400;\">GD-5 (diluent)<\/span><\/p>\n<p><span style=\"font-weight: 400;\">LH-5 (HGB Lyse)<\/span><\/p>\n<p><span style=\"font-weight: 400;\">LD-5 (DIFF Lyse)<\/span><\/p>\n<p><span style=\"font-weight: 400;\">DD-5 (Dye)\u00a0<\/span><\/td>\n<\/tr>\n<tr>\n<td><span style=\"font-weight: 400;\">Power requirements<\/span><\/td>\n<td><span style=\"font-weight: 400;\">100-240V \u2264 250VA, 50\/60Hz<\/span><\/td>\n<\/tr>\n<tr>\n<td><span style=\"font-weight: 400;\">Dimensions<\/span><\/td>\n<td><span style=\"font-weight: 400;\">550x700x600mm<\/span><\/td>\n<\/tr>\n<tr>\n<td><span style=\"font-weight: 400;\">Weight<\/span><\/td>\n<td><span style=\"font-weight: 400;\">55kg<\/span><\/td>\n<\/tr>\n<\/tbody>\n<\/table>\n<\/li>\n<\/ul>","protected":false},"excerpt":{"rendered":"<p class=\" translation-block\">Maccura ka sjell\u00eb n\u00eb treg teknologjin\u00eb e gjenerat\u00ebs s\u00eb tret\u00eb p\u00ebr analiz\u00ebn hematologjike\nMaccura F560. Nj\u00eb analizator kompakt 5 diferencial, t\u00eb kapacitetit prej 60 teste p\u00ebr or\u00eb,\nme p\u00ebrformanc\u00eb t\u00eb besueshme duke p\u00ebrfshir\u00eb edhe gjakun q\u00eb ka koh\u00eb q\u00eb \u00ebsht\u00eb\nmbledhur nga pacienti (deri edhe pas 4 dit\u00ebsh) si dhe n\u00eb mostrat me parametra\nabnormal.<\/p>\n<p>&nbsp;<\/p>\n<p>&nbsp;<\/p>\n<p>Pershkrimi n\u00eb PDF<\/p>\n<p><a href=\"https:\/\/swissmed-ks.com\/wp-content\/uploads\/2024\/07\/F560_Brochure.pdf\" target=\"_self\"  class=\"qbutton  qbutton_with_icon\" style=\"\">Shkarko<i class=\"qode_icon_font_awesome fa fa-download button_icon\" style=\"\" ><\/i><\/a><\/p>","protected":false},"featured_media":1865,"template":"","meta":[],"product_cat":[58,92],"product_tag":[72],"_links":{"self":[{"href":"https:\/\/swissmed-ks.com\/sq\/wp-json\/wp\/v2\/product\/1859"}],"collection":[{"href":"https:\/\/swissmed-ks.com\/sq\/wp-json\/wp\/v2\/product"}],"about":[{"href":"https:\/\/swissmed-ks.com\/sq\/wp-json\/wp\/v2\/types\/product"}],"wp:featuredmedia":[{"embeddable":true,"href":"https:\/\/swissmed-ks.com\/sq\/wp-json\/wp\/v2\/media\/1865"}],"wp:attachment":[{"href":"https:\/\/swissmed-ks.com\/sq\/wp-json\/wp\/v2\/media?parent=1859"}],"wp:term":[{"taxonomy":"product_cat","embeddable":true,"href":"https:\/\/swissmed-ks.com\/sq\/wp-json\/wp\/v2\/product_cat?post=1859"},{"taxonomy":"product_tag","embeddable":true,"href":"https:\/\/swissmed-ks.com\/sq\/wp-json\/wp\/v2\/product_tag?post=1859"}],"curies":[{"name":"wp","href":"https:\/\/api.w.org\/{rel}","templated":true}]}}