{"id":1876,"date":"2024-07-24T17:59:58","date_gmt":"2024-07-24T15:59:58","guid":{"rendered":"https:\/\/swissmed-ks.com\/?post_type=product&#038;p=1876"},"modified":"2025-10-22T15:48:56","modified_gmt":"2025-10-22T13:48:56","slug":"maccura-i800","status":"publish","type":"product","link":"https:\/\/swissmed-ks.com\/sq\/products\/maccura-i800\/","title":{"rendered":"Maccura i800"},"content":{"rendered":"<p><span style=\"font-weight: 400;\">Speficikat e analizatorit<\/span><\/p>\n<ul>\n<li style=\"list-style-type: none;\">\n<ul>\n<li style=\"list-style-type: none;\">\n<ul>\n<li style=\"font-weight: 400;\" aria-level=\"1\"><span style=\"font-weight: 400;\">Deri n\u00eb 200 teste n\u00eb or\u00eb\u00a0<\/span><\/li>\n<li style=\"font-weight: 400;\" aria-level=\"1\"><span style=\"font-weight: 400;\">20 reagjent\u00eb n\u00eb bord t\u00eb ruajtuar n\u00eb temperatur\u00eb 2-80C<\/span><span style=\"font-weight: 400;\">0<\/span><span style=\"font-weight: 400;\">C<\/span><\/li>\n<li style=\"font-weight: 400;\" aria-level=\"1\"><span style=\"font-weight: 400;\">Dizajn kompakt me vet\u00ebm 0.519m2<\/span><span style=\"font-weight: 400;\">2<\/span><\/li>\n<li style=\"font-weight: 400;\" aria-level=\"1\"><span style=\"font-weight: 400;\">Vendosje e vazhdueshme e mostrave me 50 pozita n\u00eb dispozicion<\/span><\/li>\n<li style=\"font-weight: 400;\" aria-level=\"1\"><span style=\"font-weight: 400;\">Pak materiale shpenzuese dhe jovoluminoze\u00a0<\/span><\/li>\n<li style=\"font-weight: 400;\" aria-level=\"1\"><span style=\"font-weight: 400;\">Ekran 14.4 in\u00e7 HD i inkorporuar me prekje, i leht\u00eb p\u00ebr p\u00ebrdorim<\/span><\/li>\n<\/ul>\n<\/li>\n<\/ul>\n<\/li>\n<\/ul>\n<p>&nbsp;<\/p>\n<p><span style=\"font-weight: 400;\">P\u00ebrpar\u00ebsit\u00eb dhe specifikat shtes\u00eb\u00a0<\/span><\/p>\n<p>&nbsp;<\/p>\n<ul>\n<li style=\"font-weight: 400;\" aria-level=\"1\"><span style=\"font-weight: 400;\">Hollim automatic i mostr\u00ebs<\/span><\/li>\n<li aria-level=\"1\"><span style=\"font-weight: 400;\">Gjilp\u00ebra p\u00ebr injektim \u00ebsht\u00eb e pajisur me: <\/span>\n<ol>\n<li style=\"font-weight: 400;\" aria-level=\"2\"><span style=\"font-weight: 400;\">LLD \u2013 Liquid Level Detection (detektim i nivelit t\u00eb l\u00ebngut)\u00a0<\/span><\/li>\n<li style=\"font-weight: 400;\" aria-level=\"2\"><span style=\"font-weight: 400;\">Clog detection (detektim t\u00eb koagulit)\u00a0<\/span><\/li>\n<li style=\"font-weight: 400;\" aria-level=\"2\"><span style=\"font-weight: 400;\">Bubble detection (detektim t\u00eb fluskave)\u00a0<\/span><\/li>\n<li style=\"font-weight: 400;\" aria-level=\"2\"><span style=\"font-weight: 400;\">Collision-protection (mbrojtje ndaj goditjeve me muret e kivet\u00ebs)\u00a0<\/span><\/li>\n<\/ol>\n<\/li>\n<\/ul>\n<p>&nbsp;<\/p>\n<ul>\n<li style=\"font-weight: 400;\" aria-level=\"1\"><span style=\"font-weight: 400;\">Sistem i pastrimit t\u00eb n\u00eb shum\u00eb faza<\/span>\n<ol>\n<li style=\"font-weight: 400;\" aria-level=\"2\"><span style=\"font-weight: 400;\">Carry-over &lt;0.1 ppm<\/span><\/li>\n<\/ol>\n<\/li>\n<\/ul>\n<p>&nbsp;<\/p>\n<ul>\n<li style=\"font-weight: 400;\" aria-level=\"1\"><span style=\"font-weight: 400;\">Menaxhim i leht\u00eb i materialeve shpenzuese dhe n\u00eb koh\u00eb reale<\/span><\/li>\n<li style=\"font-weight: 400;\" aria-level=\"1\"><span style=\"font-weight: 400;\">P\u00ebrzierja e reagjentit pa kontakt.<\/span><\/li>\n<li style=\"font-weight: 400;\" aria-level=\"1\"><span style=\"font-weight: 400;\">Izolim ndaj pluhurit dhe nga evaporimi i p\u00ebrb\u00ebrjes.<\/span><\/li>\n<li style=\"font-weight: 400;\" aria-level=\"1\"><span style=\"font-weight: 400;\">Pa nevoj\u00eb p\u00ebr mir\u00ebmbajtje t\u00eb dhom\u00eb s\u00eb matjes <\/span><\/li>\n<\/ul>\n<p>&nbsp;<\/p>\n<p><span style=\"font-weight: 400;\">P\u00ebrpar\u00ebsit\u00eb e reagjent\u00ebve\u00a0<\/span><\/p>\n<ul>\n<li style=\"list-style-type: none;\">\n<ul>\n<li style=\"list-style-type: none;\">\n<ul>\n<li style=\"font-weight: 400;\" aria-level=\"1\"><span style=\"font-weight: 400;\">Koh\u00eb e gjat\u00eb e stabilitetit n\u00eb bord<\/span><\/li>\n<li style=\"font-weight: 400;\" aria-level=\"1\"><span style=\"font-weight: 400;\">Reagjent\u00ebt me afat t\u00eb gjat\u00eb t\u00eb skadenc\u00ebs: 12 muaj, 15 muaj ose 18 muaj\u00a0<\/span><\/li>\n<li style=\"font-weight: 400;\" aria-level=\"1\"><span style=\"font-weight: 400;\">Paneli i diagnostik\u00ebs infektive ofron rezultate totalisht kuantitative (HBsAg, HBsAb, HBeAg, HBeAb, HBcAb)<\/span><\/li>\n<li style=\"font-weight: 400;\" aria-level=\"1\"><span style=\"font-weight: 400;\">Suporton t\u00eb dy llojet e mostrave plazm\u00eb\/serum n\u00eb t\u00eb nj\u00ebjt\u00ebn koh\u00eb.<\/span><\/li>\n<li style=\"font-weight: 400;\" aria-level=\"1\"><span style=\"font-weight: 400;\">V\u00ebllim i vog\u00ebl i mostr\u00ebs p\u00ebr \u00e7do testim, sidomos p\u00ebr parametrat kardiak\u00eb<\/span><\/li>\n<li style=\"font-weight: 400;\" aria-level=\"1\"><span style=\"font-weight: 400;\">Gama e gjer\u00eb e linearitetit<\/span><\/li>\n<\/ul>\n<\/li>\n<\/ul>\n<\/li>\n<\/ul>\n<p>&nbsp;<\/p>","protected":false},"excerpt":{"rendered":"<p class=\" translation-block\">Autoanalizatori imunologjik Maccura i800 \u00ebsht\u00eb pajisje p\u00ebr diagnostikim in-vitro, i p\u00ebrb\u00ebr\u00eb nga nj\u00eb system i mbyllur i reagjent\u00ebve p\u00ebr p\u00ebrcaktimin e p\u00ebrqendrimit t\u00eb substancave t\u00eb ndryshme n\u00eb most\u00ebr.<\/p>\n<p class=\" translation-block\">Principi i pun\u00ebs s\u00eb Maccura i800 bazohet n\u00eb kemiluminishenc\u00eb direkte (direct chemiluminescence immunoassay). Reagjenti kemiluminishent q\u00eb p\u00ebrdoret \u00ebsht\u00eb ester i akridiniumit (acridinium ester (AE)). P\u00ebrmes nj\u00eb reaksioni heterogjen, ndarja magnetike e grimcave magnetike mund t\u00eb arrij\u00eb ndarjen e imuno-kompleksit prej substancave tjera q\u00eb nuk jan\u00eb t\u00eb p\u00ebrfshira n\u00eb reaksion.<\/p>\n<p>&nbsp;<\/p>\n<p>Pershkrimi n\u00eb PDF<\/p>\n<p><a href=\"https:\/\/swissmed-ks.com\/wp-content\/uploads\/2024\/07\/i800-Brochure.pdf\" target=\"_self\"  class=\"qbutton  qbutton_with_icon\" style=\"\">Shkarko<i class=\"qode_icon_font_awesome fa fa-download button_icon\" style=\"\" ><\/i><\/a><\/p>","protected":false},"featured_media":1875,"template":"","meta":[],"product_cat":[78,92],"product_tag":[82],"_links":{"self":[{"href":"https:\/\/swissmed-ks.com\/sq\/wp-json\/wp\/v2\/product\/1876"}],"collection":[{"href":"https:\/\/swissmed-ks.com\/sq\/wp-json\/wp\/v2\/product"}],"about":[{"href":"https:\/\/swissmed-ks.com\/sq\/wp-json\/wp\/v2\/types\/product"}],"wp:featuredmedia":[{"embeddable":true,"href":"https:\/\/swissmed-ks.com\/sq\/wp-json\/wp\/v2\/media\/1875"}],"wp:attachment":[{"href":"https:\/\/swissmed-ks.com\/sq\/wp-json\/wp\/v2\/media?parent=1876"}],"wp:term":[{"taxonomy":"product_cat","embeddable":true,"href":"https:\/\/swissmed-ks.com\/sq\/wp-json\/wp\/v2\/product_cat?post=1876"},{"taxonomy":"product_tag","embeddable":true,"href":"https:\/\/swissmed-ks.com\/sq\/wp-json\/wp\/v2\/product_tag?post=1876"}],"curies":[{"name":"wp","href":"https:\/\/api.w.org\/{rel}","templated":true}]}}