{"id":1908,"date":"2025-10-15T14:08:08","date_gmt":"2025-10-15T12:08:08","guid":{"rendered":"https:\/\/swissmed-ks.com\/?post_type=product&#038;p=1908"},"modified":"2025-10-22T15:59:36","modified_gmt":"2025-10-22T13:59:36","slug":"eurostar-iv-plus","status":"publish","type":"product","link":"https:\/\/swissmed-ks.com\/sq\/products\/eurostar-iv-plus\/","title":{"rendered":"Mikroskopi LED p\u00ebr fluorescenc\u00eb EUROStar IV Plus"},"content":{"rendered":"<ul>\n<li class=\" translation-block\">\u2022\tNdri\u00e7im i q\u00ebndruesh\u00ebm i fluorescenc\u00ebs fal\u00eb LED-it t\u00eb rregulluar, q\u00eb garanton rezultate t\u00eb besueshme dhe t\u00eb riprodhueshme<\/li>\n<li class=\" translation-block\">\u2022\tJet\u00ebgjat\u00ebsi mbi 50,000 or\u00eb, konsum i ul\u00ebt energjie dhe intensitet maksimal drite menj\u00ebher\u00eb pas ndezjes<\/li>\n<li><strong>\u2022\tMiq\u00ebsor me mjedisin, pa p\u00ebrmbajtje merkuri<\/strong>\u00a0without mercury<\/li>\n<li class=\" translation-block\">\u2022\tDiagnoz\u00eb n\u00eb ekran dhe kapje imazhesh digjitale me kamer\u00ebn opsionale n\u00ebp\u00ebrmjet softuerit EUROPicture<\/li>\n<li class=\" translation-block\">\u2022\tNdar\u00ebs drite 50\/50 q\u00eb lejon p\u00ebrdorimin paralel t\u00eb okularit dhe kamer\u00ebs pa pasur nevoj\u00eb p\u00ebr nd\u00ebrrim manual<\/li>\n<\/ul>","protected":false},"excerpt":{"rendered":"<p>Mikroskopi LED EUROStar IV Plus \u00ebsht\u00eb projektuar posa\u00e7\u00ebrisht p\u00ebr t\u00eb p\u00ebrmbushur k\u00ebrkesat e imunofluoreshenc\u00ebs indirekte.\nNj\u00eb kamer\u00eb mund t\u00eb lidhet drejtp\u00ebrdrejt me tubusin fotografik t\u00eb integruar, duke mund\u00ebsuar kapjen e imazheve digjitale.\nFal\u00eb ndar\u00ebsit t\u00eb rrezes 50\/50, nuk \u00ebsht\u00eb m\u00eb e nevojshme t\u00eb kalohet manualisht midis okularit dhe kamer\u00ebs, gj\u00eb q\u00eb e b\u00ebn pun\u00ebn m\u00eb t\u00eb shpejt\u00eb dhe m\u00eb komode.\nP\u00ebr p\u00ebrpunimin dhe shfaqjen e imazheve t\u00eb fluorescenc\u00ebs digjitale, EUROIMMUN ofron softuerin shum\u00eb funksional EUROPicture.<\/p>\n<p>&nbsp;<\/p>\n<p>Mikroskopi EUROStar IV Plus p\u00ebrfshin gjithashtu nj\u00eb llamb\u00eb halogjene si pajisje standarde p\u00ebr mikroskopi me drit\u00eb t\u00eb transmetuar (n\u00eb fush\u00eb t\u00eb ndri\u00e7uar ose t\u00eb err\u00ebt) dhe mund t\u00eb p\u00ebrmir\u00ebsohet p\u00ebr pun\u00eb me kontrast fazor.<\/p>\n<p>&nbsp;<\/p>\n<p>Pershkrimi n\u00eb PDF<\/p>\n<p><a href=\"https:\/\/swissmed-ks.com\/wp-content\/uploads\/2025\/10\/YG_0301_I_UK_A-1.pdf\" target=\"_blank\"  class=\"qbutton  qbutton_with_icon\" style=\"\">Shkarko<i class=\"qode_icon_font_awesome fa fa-download button_icon\" style=\"\" ><\/i><\/a><\/p>\n<p>&nbsp;<\/p>","protected":false},"featured_media":1929,"template":"","meta":[],"product_cat":[94],"product_tag":[95],"_links":{"self":[{"href":"https:\/\/swissmed-ks.com\/sq\/wp-json\/wp\/v2\/product\/1908"}],"collection":[{"href":"https:\/\/swissmed-ks.com\/sq\/wp-json\/wp\/v2\/product"}],"about":[{"href":"https:\/\/swissmed-ks.com\/sq\/wp-json\/wp\/v2\/types\/product"}],"wp:featuredmedia":[{"embeddable":true,"href":"https:\/\/swissmed-ks.com\/sq\/wp-json\/wp\/v2\/media\/1929"}],"wp:attachment":[{"href":"https:\/\/swissmed-ks.com\/sq\/wp-json\/wp\/v2\/media?parent=1908"}],"wp:term":[{"taxonomy":"product_cat","embeddable":true,"href":"https:\/\/swissmed-ks.com\/sq\/wp-json\/wp\/v2\/product_cat?post=1908"},{"taxonomy":"product_tag","embeddable":true,"href":"https:\/\/swissmed-ks.com\/sq\/wp-json\/wp\/v2\/product_tag?post=1908"}],"curies":[{"name":"wp","href":"https:\/\/api.w.org\/{rel}","templated":true}]}}