{"id":1911,"date":"2025-10-15T14:20:08","date_gmt":"2025-10-15T12:20:08","guid":{"rendered":"https:\/\/swissmed-ks.com\/?post_type=product&#038;p=1911"},"modified":"2025-10-22T16:20:43","modified_gmt":"2025-10-22T14:20:43","slug":"europattern-microscope-live","status":"publish","type":"product","link":"https:\/\/swissmed-ks.com\/sq\/products\/europattern-microscope-live\/","title":{"rendered":"EUROPattern Microscope Live"},"content":{"rendered":"<p>&nbsp;<\/p>\n<ul>\n<li style=\"list-style-type: none;\">\n<ul>\n<li><strong>\u2022\tRegjistrim plot\u00ebsisht automatik i imazheve dhe vler\u00ebsim rezultatet n\u00eb ekran \u2013 dhoma e err\u00ebt nuk \u00ebsht\u00eb m\u00eb e nevojshme<\/strong><\/li>\n<li><strong>\u2022\tP\u00ebrpunim ultra i shpejt\u00eb \u2013 vet\u00ebm 2 sekonda p\u00ebr imazh<\/strong><\/li>\n<li class=\" translation-block\">\u2022\tNjohje automatike e modeleve me rrjete t\u00eb avancuara konvolucionale (teknologji \u201cdeep learning\u201d)<\/li>\n<li class=\" translation-block\">\u2022\tMikroskopi interaktiv \u201clive\u201d me navigim dhe zmadhim p\u00ebrmes ekranit me shum\u00eb prekje (multi-touch)<\/li>\n<li class=\" translation-block\">\u2022\tIdentifikim automatik i lamelave p\u00ebrmes kodeve matric\u00eb, q\u00eb garanton gjurmueshm\u00ebri dhe besueshm\u00ebri maksimale<\/li>\n<li class=\" translation-block\">\u2022\tFutje e drejtp\u00ebrdrejt\u00eb e rezultateve n\u00eb EUROLabOffice 4.0<\/li>\n<li class=\" translation-block\">\u2022\tMund\u00ebsi pune n\u00eb ekip, me shikim t\u00eb p\u00ebrbashk\u00ebt t\u00eb imazheve n\u00eb ekran \u2013 pa nevoj\u00eb p\u00ebr pajisje shtes\u00eb diskutimi<\/li>\n<\/ul>\n<\/li>\n<\/ul>","protected":false},"excerpt":{"rendered":"<p>EUROPattern Microscope Live \u00ebsht\u00eb nj\u00eb sistem plot\u00ebsisht automatik p\u00ebr imunofluoreshenc\u00eb, me koh\u00eb p\u00ebrpunimi vet\u00ebm 2 sekonda p\u00ebr imazh.\nShpejt\u00ebsia e jasht\u00ebzakonshme shoq\u00ebrohet me komoditetin e softuerit EUROLabOffice 4.0, i cili mund\u00ebson vler\u00ebsimin e imazheve t\u00eb imunofluoreshenc\u00ebs drejtp\u00ebrdrejt n\u00eb ekranin e kompjuterit.\nNd\u00ebrfaqja intuitive me ekran me prekje i lejon p\u00ebrdoruesit t\u00eb zmadhojn\u00eb imazhin, t\u00eb ndryshojn\u00eb pozicionin gjat\u00eb mikroskopis\u00eb \u201clive\u201d dhe madje t\u00eb shikojn\u00eb nj\u00ebkoh\u00ebsisht imazhet me p\u00ebrdorues t\u00eb tjer\u00eb \u2013 pa pasur nevoj\u00eb p\u00ebr ura diskutimi ose mikroskop\u00eb shtes\u00eb.<\/p>\n<p>&nbsp;<\/p>\n<p>Pershkrimi n\u00eb PDF<\/p>\n<p><a href=\"https:\/\/swissmed-ks.com\/wp-content\/uploads\/2025\/10\/YG_0371_I_UK_A.pdf\" target=\"_blank\"  class=\"qbutton  qbutton_with_icon\" style=\"\">Shkarko<i class=\"qode_icon_font_awesome fa fa-download button_icon\" style=\"\" ><\/i><\/a><\/p>\n<p>&nbsp;<\/p>","protected":false},"featured_media":1928,"template":"","meta":[],"product_cat":[94],"product_tag":[95],"_links":{"self":[{"href":"https:\/\/swissmed-ks.com\/sq\/wp-json\/wp\/v2\/product\/1911"}],"collection":[{"href":"https:\/\/swissmed-ks.com\/sq\/wp-json\/wp\/v2\/product"}],"about":[{"href":"https:\/\/swissmed-ks.com\/sq\/wp-json\/wp\/v2\/types\/product"}],"wp:featuredmedia":[{"embeddable":true,"href":"https:\/\/swissmed-ks.com\/sq\/wp-json\/wp\/v2\/media\/1928"}],"wp:attachment":[{"href":"https:\/\/swissmed-ks.com\/sq\/wp-json\/wp\/v2\/media?parent=1911"}],"wp:term":[{"taxonomy":"product_cat","embeddable":true,"href":"https:\/\/swissmed-ks.com\/sq\/wp-json\/wp\/v2\/product_cat?post=1911"},{"taxonomy":"product_tag","embeddable":true,"href":"https:\/\/swissmed-ks.com\/sq\/wp-json\/wp\/v2\/product_tag?post=1911"}],"curies":[{"name":"wp","href":"https:\/\/api.w.org\/{rel}","templated":true}]}}