{"id":1914,"date":"2025-10-16T14:39:03","date_gmt":"2025-10-16T12:39:03","guid":{"rendered":"https:\/\/swissmed-ks.com\/?post_type=product&#038;p=1914"},"modified":"2025-10-16T14:41:37","modified_gmt":"2025-10-16T12:41:37","slug":"uniqo-160","status":"publish","type":"product","link":"https:\/\/swissmed-ks.com\/sq\/products\/uniqo-160\/","title":{"rendered":"UNIQO 160"},"content":{"rendered":"<ul>\n<li>Up to 160 primary samples and 18 slides can be processed in one run on the compact benchtop instrument. During loading, samples, reagents and slides are automatically identified and assigned by their barcodes. As the slides are protected from drying out by automated mounting after incubation, brilliant fluorescence images are produced from the first to the last sample, even with large worklists. The integrated high-quality microscope with automatically changing objectives (4x, 10x, 20x) ensures optimal recording parameters for each product, which allow for reliable evaluation in\u00a0<a href=\"https:\/\/www.euroimmun.com\/products\/automation\/software-solutions\/eurolaboffice-40\/\">EUROLabOffice 4.0<\/a>.\n<ul>\n<li><strong>\u2022\tRegjistrim plot\u00ebsisht automatik i imazheve dhe vler\u00ebsim rezultatet n\u00eb ekran \u2013 dhoma e err\u00ebt nuk \u00ebsht\u00eb m\u00eb e nevojshme<\/strong><\/li>\n<li><strong>\u2022\tP\u00ebrpunim ultra i shpejt\u00eb \u2013 vet\u00ebm 2 sekonda p\u00ebr imazh<\/strong><\/li>\n<li class=\" translation-block\">\u2022\tNjohje automatike e modeleve me rrjete t\u00eb avancuara konvolucionale (teknologji \u201cdeep learning\u201d)<\/li>\n<li class=\" translation-block\">\u2022\tMikroskopi interaktiv \u201clive\u201d me navigim dhe zmadhim p\u00ebrmes ekranit me shum\u00eb prekje (multi-touch)<\/li>\n<li class=\" translation-block\">\u2022\tIdentifikim automatik i lamelave p\u00ebrmes kodeve matric\u00eb, q\u00eb garanton gjurmueshm\u00ebri dhe besueshm\u00ebri maksimale<\/li>\n<li class=\" translation-block\">\u2022\tFutje e drejtp\u00ebrdrejt\u00eb e rezultateve n\u00eb EUROLabOffice 4.0<\/li>\n<li class=\" translation-block\">\u2022\tMund\u00ebsi pune n\u00eb ekip, me shikim t\u00eb p\u00ebrbashk\u00ebt t\u00eb imazheve n\u00eb ekran \u2013 pa nevoj\u00eb p\u00ebr pajisje shtes\u00eb diskutimi<\/li>\n<\/ul>\n<\/li>\n<\/ul>","protected":false},"excerpt":{"rendered":"<p class=\" translation-block\">UNIQO 160 ofron automatizimin e plot\u00eb t\u00eb procesit t\u00eb imunofluoreshenc\u00ebs indirekte (IFA) \u2013 nga mostra primare deri te propozimi i rezultatit.\nKjo zgjidhje \u201call-in-one\u201d maksimizon efikasitetin e t\u00eb gjith\u00eb procesit t\u00eb IFA-s\u00eb, duke p\u00ebrfshir\u00eb:<\/br>\n\u2705 p\u00ebrgatitjen e mostrave <\/br>\n\u2705 inkubimin<\/br>\n\u2705 larjen dhe montimin e lamelave<\/br>\n\u2705 marrjen dhe analiz\u00ebn automatike t\u00eb imazheve<\/br>\n\nN\u00ebp\u00ebrmjet nd\u00ebrfaqes me EUROLabOffice 4.0, sistemi UNIQO 160 integrohet n\u00eb m\u00ebnyr\u00eb t\u00eb p\u00ebrsosur n\u00eb rrjedhat moderne t\u00eb pun\u00ebs t\u00eb laborator\u00ebve diagnostik\u00eb.<\/p>\n<p>&nbsp;<\/p>\n<p>Pershkrimi n\u00eb PDF<\/p>\n<p><a href=\"https:\/\/swissmed-ks.com\/wp-content\/uploads\/2025\/10\/YG_2900_I_UK_A.pdf\" target=\"_blank\"  class=\"qbutton  qbutton_with_icon\" style=\"\">Shkarko<i class=\"qode_icon_font_awesome fa fa-download button_icon\" style=\"\" ><\/i><\/a><\/p>\n<p>&nbsp;<\/p>","protected":false},"featured_media":1915,"template":"","meta":[],"product_cat":[94],"product_tag":[95],"_links":{"self":[{"href":"https:\/\/swissmed-ks.com\/sq\/wp-json\/wp\/v2\/product\/1914"}],"collection":[{"href":"https:\/\/swissmed-ks.com\/sq\/wp-json\/wp\/v2\/product"}],"about":[{"href":"https:\/\/swissmed-ks.com\/sq\/wp-json\/wp\/v2\/types\/product"}],"wp:featuredmedia":[{"embeddable":true,"href":"https:\/\/swissmed-ks.com\/sq\/wp-json\/wp\/v2\/media\/1915"}],"wp:attachment":[{"href":"https:\/\/swissmed-ks.com\/sq\/wp-json\/wp\/v2\/media?parent=1914"}],"wp:term":[{"taxonomy":"product_cat","embeddable":true,"href":"https:\/\/swissmed-ks.com\/sq\/wp-json\/wp\/v2\/product_cat?post=1914"},{"taxonomy":"product_tag","embeddable":true,"href":"https:\/\/swissmed-ks.com\/sq\/wp-json\/wp\/v2\/product_tag?post=1914"}],"curies":[{"name":"wp","href":"https:\/\/api.w.org\/{rel}","templated":true}]}}