{"id":1920,"date":"2025-10-16T14:48:42","date_gmt":"2025-10-16T12:48:42","guid":{"rendered":"https:\/\/swissmed-ks.com\/?post_type=product&#038;p=1920"},"modified":"2025-10-16T14:55:05","modified_gmt":"2025-10-16T12:55:05","slug":"micrrowell-imager","status":"publish","type":"product","link":"https:\/\/swissmed-ks.com\/sq\/products\/micrrowell-imager\/","title":{"rendered":"Micrrowell Imager"},"content":{"rendered":"<ul>\n<li><a href=\"https:\/\/www.euroimmun.com\/productos\/automatizacion\/soluciones-de-software\/eurolinescan\/\">EUROLineScan<\/a><u>,<\/u>\u00a0the proven software for automated evaluation of all Euroimmun blot strips, enables user-friendly operation of the Microwell Imager and convenient evaluation of the recorded blot bands.In the software, all data and results are clearly displayed, documented, securely archived and exported to the laboratory information system (LIS) via the middleware\u00a0<a href=\"https:\/\/www.euroimmun.com\/productos\/automatizacion\/soluciones-de-software\/eurolaboffice-40\/\">EUROLabOffice 4.0<\/a>.\n<ul>\n<li>\u200bReliable and fast evaluation\u00a0of EUROMicroblots due to intelligent pre-processing\u200b of images<\/li>\n<li>Compact footprint\u00a0for easy integration into any laboratory<\/li>\n<li>Intuitive operation\u00a0using the proven\u00a0<a href=\"https:\/\/www.euroimmun.com\/productos\/automatizacion\/soluciones-de-software\/eurolinescan\/\">EUROLineScan<\/a>\u00a0software from Euroimmun<\/li>\n<li>Clear identification\u00a0of the EUROMicroblot plates via the integrated barcode scanner\u200b<\/li>\n<\/ul>\n<\/li>\n<\/ul>","protected":false},"excerpt":{"rendered":"<p class=\" translation-block\">Instrument kompakt p\u00ebr analiz\u00ebn efikase t\u00eb EUROMicroblots\nMicrowell Imager \u00ebsht\u00eb nj\u00eb instrument kompakt mbi tavolin\u00eb i krijuar p\u00ebr kapjen efikase t\u00eb imazheve t\u00eb EUROMicroblots \u2013 shirita blot t\u00eb miniaturizuar t\u00eb vendosur n\u00eb puse mikroskopike t\u00eb mikrotabelave.\nKapja e shpejt\u00eb e imazheve dhe p\u00ebrpunimi inteligjent paraprak mund\u00ebsojn\u00eb integrim optimal n\u00eb procesin e automatizuar t\u00eb analiz\u00ebs s\u00eb EUROMicroblots.\nFal\u00eb skanerit t\u00eb barkodit t\u00eb integruar, sistemi siguron identifikim t\u00eb sakt\u00eb dhe t\u00eb besuesh\u00ebm t\u00eb pllakave EUROMicroblot, duke eliminuar gabimet manuale.<\/p>\n<p>Pershkrimi n\u00eb PDF<\/p>\n<p><a href=\"https:\/\/swissmed-ks.com\/wp-content\/uploads\/2025\/10\/YG_0191_I_UK_A.pdf\" target=\"_blank\"  class=\"qbutton  qbutton_with_icon\" style=\"\">Shkarko<i class=\"qode_icon_font_awesome fa fa-download button_icon\" style=\"\" ><\/i><\/a><\/p>\n<p>&nbsp;<\/p>","protected":false},"featured_media":1921,"template":"","meta":[],"product_cat":[79],"product_tag":[83],"_links":{"self":[{"href":"https:\/\/swissmed-ks.com\/sq\/wp-json\/wp\/v2\/product\/1920"}],"collection":[{"href":"https:\/\/swissmed-ks.com\/sq\/wp-json\/wp\/v2\/product"}],"about":[{"href":"https:\/\/swissmed-ks.com\/sq\/wp-json\/wp\/v2\/types\/product"}],"wp:featuredmedia":[{"embeddable":true,"href":"https:\/\/swissmed-ks.com\/sq\/wp-json\/wp\/v2\/media\/1921"}],"wp:attachment":[{"href":"https:\/\/swissmed-ks.com\/sq\/wp-json\/wp\/v2\/media?parent=1920"}],"wp:term":[{"taxonomy":"product_cat","embeddable":true,"href":"https:\/\/swissmed-ks.com\/sq\/wp-json\/wp\/v2\/product_cat?post=1920"},{"taxonomy":"product_tag","embeddable":true,"href":"https:\/\/swissmed-ks.com\/sq\/wp-json\/wp\/v2\/product_tag?post=1920"}],"curies":[{"name":"wp","href":"https:\/\/api.w.org\/{rel}","templated":true}]}}